{"id":1666,"date":"2022-10-31T10:58:11","date_gmt":"2022-10-31T09:58:11","guid":{"rendered":"https:\/\/zaliginantwerpen.be\/?page_id=1666"},"modified":"2025-05-25T14:12:19","modified_gmt":"2025-05-25T12:12:19","slug":"contact","status":"publish","type":"page","link":"https:\/\/zaliginantwerpen.be\/fr\/contact\/","title":{"rendered":"Contact"},"content":{"rendered":"<div data-elementor-type=\"wp-page\" data-elementor-id=\"1666\" class=\"elementor elementor-1666\" data-elementor-post-type=\"page\">\n\t\t\t\t\t\t<section class=\"elementor-section elementor-top-section elementor-element elementor-element-c8cbe49 elementor-section-content-middle zalig-section elementor-section-boxed elementor-section-height-default elementor-section-height-default\" data-id=\"c8cbe49\" data-element_type=\"section\" data-e-type=\"section\" data-settings=\"{&quot;background_background&quot;:&quot;classic&quot;,&quot;jet_parallax_layout_list&quot;:[]}\">\n\t\t\t\t\t\t\t<div class=\"elementor-background-overlay\"><\/div>\n\t\t\t\t\t\t\t<div class=\"elementor-container elementor-column-gap-no\">\n\t\t\t\t\t<div class=\"elementor-column elementor-col-50 elementor-top-column elementor-element elementor-element-d1170bf\" data-id=\"d1170bf\" data-element_type=\"column\" data-e-type=\"column\" data-settings=\"{&quot;background_background&quot;:&quot;classic&quot;}\">\n\t\t\t<div class=\"elementor-widget-wrap elementor-element-populated\">\n\t\t\t\t\t\t<div class=\"elementor-element elementor-element-72e59da elementor-widget elementor-widget-heading\" data-id=\"72e59da\" data-element_type=\"widget\" data-e-type=\"widget\" data-widget_type=\"heading.default\">\n\t\t\t\t<div class=\"elementor-widget-container\">\n\t\t\t\t\t<h2 class=\"elementor-heading-title elementor-size-default\">Nous contacter<\/h2>\t\t\t\t<\/div>\n\t\t\t\t<\/div>\n\t\t\t\t<div class=\"elementor-element elementor-element-43cd2dc elementor-widget elementor-widget-text-editor\" data-id=\"43cd2dc\" data-element_type=\"widget\" data-e-type=\"widget\" data-widget_type=\"text-editor.default\">\n\t\t\t\t<div class=\"elementor-widget-container\">\n\t\t\t\t\t\t\t\t\t<p>Si vous avez des questions, n'h\u00e9sitez pas \u00e0 nous contacter. Vous pouvez nous envoyer un courriel ou nous appeler pendant les heures de bureau. Nous essaierons de vous aider au mieux.<\/p>\t\t\t\t\t\t\t\t<\/div>\n\t\t\t\t<\/div>\n\t\t\t\t<div class=\"elementor-element elementor-element-11dda19 elementor-align-left elementor-widget elementor-widget-button\" data-id=\"11dda19\" data-element_type=\"widget\" data-e-type=\"widget\" data-widget_type=\"button.default\">\n\t\t\t\t<div class=\"elementor-widget-container\">\n\t\t\t\t\t\t\t\t\t<div class=\"elementor-button-wrapper\">\n\t\t\t\t\t<a class=\"elementor-button elementor-button-link elementor-size-xs\" href=\"https:\/\/reservations.cubilis.eu\/zalig-in-antwerpen-antwerpen?Language=fr-FR\">\n\t\t\t\t\t\t<span class=\"elementor-button-content-wrapper\">\n\t\t\t\t\t\t\t\t\t<span class=\"elementor-button-text\">R\u00e9servez ici<\/span>\n\t\t\t\t\t<\/span>\n\t\t\t\t\t<\/a>\n\t\t\t\t<\/div>\n\t\t\t\t\t\t\t\t<\/div>\n\t\t\t\t<\/div>\n\t\t\t\t\t<\/div>\n\t\t<\/div>\n\t\t\t\t<div class=\"elementor-column elementor-col-50 elementor-top-column elementor-element elementor-element-5a90ecc\" data-id=\"5a90ecc\" data-element_type=\"column\" data-e-type=\"column\">\n\t\t\t<div class=\"elementor-widget-wrap elementor-element-populated\">\n\t\t\t\t\t\t<div class=\"elementor-element elementor-element-74623bc elementor-icon-list--layout-traditional elementor-list-item-link-full_width elementor-widget elementor-widget-icon-list\" data-id=\"74623bc\" data-element_type=\"widget\" data-e-type=\"widget\" data-widget_type=\"icon-list.default\">\n\t\t\t\t<div class=\"elementor-widget-container\">\n\t\t\t\t\t\t\t<ul class=\"elementor-icon-list-items\">\n\t\t\t\t\t\t\t<li class=\"elementor-icon-list-item\">\n\t\t\t\t\t\t\t\t\t\t\t<span class=\"elementor-icon-list-icon\">\n\t\t\t\t\t\t\t<i aria-hidden=\"true\" class=\"far fa-building\"><\/i>\t\t\t\t\t\t<\/span>\n\t\t\t\t\t\t\t\t\t\t<span class=\"elementor-icon-list-text\">Adresse du bureau : Zalig BV, Dennenlei 7, 2900 Schoten, Belgique<\/span>\n\t\t\t\t\t\t\t\t\t<\/li>\n\t\t\t\t\t\t\t\t<li class=\"elementor-icon-list-item\">\n\t\t\t\t\t\t\t\t\t\t\t<span class=\"elementor-icon-list-icon\">\n\t\t\t\t\t\t\t<i aria-hidden=\"true\" class=\"fas fa-clock\"><\/i>\t\t\t\t\t\t<\/span>\n\t\t\t\t\t\t\t\t\t\t<span class=\"elementor-icon-list-text\"> Heures d'ouverture : du lundi au vendredi : 09.30 - 18.00<\/span>\n\t\t\t\t\t\t\t\t\t<\/li>\n\t\t\t\t\t\t\t\t<li class=\"elementor-icon-list-item\">\n\t\t\t\t\t\t\t\t\t\t\t<a href=\"tel:+32477356518\" target=\"_blank\">\n\n\t\t\t\t\t\t\t\t\t\t\t\t<span class=\"elementor-icon-list-icon\">\n\t\t\t\t\t\t\t<i aria-hidden=\"true\" class=\"fas fa-phone-alt\"><\/i>\t\t\t\t\t\t<\/span>\n\t\t\t\t\t\t\t\t\t\t<span class=\"elementor-icon-list-text\">T\u00e9l\u00e9phone : +32 477 35 65 18<\/span>\n\t\t\t\t\t\t\t\t\t\t\t<\/a>\n\t\t\t\t\t\t\t\t\t<\/li>\n\t\t\t\t\t\t\t\t<li class=\"elementor-icon-list-item\">\n\t\t\t\t\t\t\t\t\t\t\t<a href=\"mailto:kathleen.cassiers@gmail.com\" target=\"_blank\">\n\n\t\t\t\t\t\t\t\t\t\t\t\t<span class=\"elementor-icon-list-icon\">\n\t\t\t\t\t\t\t<i aria-hidden=\"true\" class=\"fas fa-envelope\"><\/i>\t\t\t\t\t\t<\/span>\n\t\t\t\t\t\t\t\t\t\t<span class=\"elementor-icon-list-text\">E-mail : kathleen.cassiers@gmail.com<\/span>\n\t\t\t\t\t\t\t\t\t\t\t<\/a>\n\t\t\t\t\t\t\t\t\t<\/li>\n\t\t\t\t\t\t\t\t<li class=\"elementor-icon-list-item\">\n\t\t\t\t\t\t\t\t\t\t\t<span class=\"elementor-icon-list-icon\">\n\t\t\t\t\t\t\t<i aria-hidden=\"true\" class=\"far fa-address-card\"><\/i>\t\t\t\t\t\t<\/span>\n\t\t\t\t\t\t\t\t\t\t<span class=\"elementor-icon-list-text\">Ondernemingsnr. &amp; BTW nr. : BE 0502.774.655<\/span>\n\t\t\t\t\t\t\t\t\t<\/li>\n\t\t\t\t\t\t\t\t<li class=\"elementor-icon-list-item\">\n\t\t\t\t\t\t\t\t\t\t\t<span class=\"elementor-icon-list-icon\">\n\t\t\t\t\t\t\t<i aria-hidden=\"true\" class=\"fas fa-hotel\"><\/i>\t\t\t\t\t\t<\/span>\n\t\t\t\t\t\t\t\t\t\t<span class=\"elementor-icon-list-text\">BIV nr. : 508402<\/span>\n\t\t\t\t\t\t\t\t\t<\/li>\n\t\t\t\t\t\t\t\t<li class=\"elementor-icon-list-item\">\n\t\t\t\t\t\t\t\t\t\t\t<span class=\"elementor-icon-list-icon\">\n\t\t\t\t\t\t\t<i aria-hidden=\"true\" class=\"far fa-building\"><\/i>\t\t\t\t\t\t<\/span>\n\t\t\t\t\t\t\t\t\t\t<span class=\"elementor-icon-list-text\">Banque : Crelan Anvers | BIC : AXABBE22<\/span>\n\t\t\t\t\t\t\t\t\t<\/li>\n\t\t\t\t\t\t\t\t<li class=\"elementor-icon-list-item\">\n\t\t\t\t\t\t\t\t\t\t\t<span class=\"elementor-icon-list-icon\">\n\t\t\t\t\t\t\t<i aria-hidden=\"true\" class=\"far fa-credit-card\"><\/i>\t\t\t\t\t\t<\/span>\n\t\t\t\t\t\t\t\t\t\t<span class=\"elementor-icon-list-text\">N\u00b0 de compte bancaire : BE48 7512 0624 0127<\/span>\n\t\t\t\t\t\t\t\t\t<\/li>\n\t\t\t\t\t\t<\/ul>\n\t\t\t\t\t\t<\/div>\n\t\t\t\t<\/div>\n\t\t\t\t\t<\/div>\n\t\t<\/div>\n\t\t\t\t\t<\/div>\n\t\t<\/section>\n\t\t<div class=\"elementor-element elementor-element-a6141b2 elementor-hidden-desktop elementor-hidden-tablet elementor-hidden-mobile e-flex e-con-boxed e-con e-parent\" data-id=\"a6141b2\" data-element_type=\"container\" data-e-type=\"container\" data-settings=\"{&quot;jet_parallax_layout_list&quot;:[]}\">\n\t\t\t\t\t<div class=\"e-con-inner\">\n\t\t\t\t<div class=\"elementor-element elementor-element-3acc4cc elementor-widget elementor-widget-heading\" data-id=\"3acc4cc\" data-element_type=\"widget\" data-e-type=\"widget\" data-widget_type=\"heading.default\">\n\t\t\t\t<div class=\"elementor-widget-container\">\n\t\t\t\t\t<span class=\"elementor-heading-title elementor-size-default\">ContactLorem Ipsum n'est qu'un texte d'\u00e9preuve de l'industrie de l'imprimerie et de la composition. Lorem Ipsum est le texte d'\u00e9preuve standard dans ce secteur depuis le XVIe si\u00e8cle, lorsqu'un imprimeur inconnu a pris un crochet avec des lettres et les a brouill\u00e9es pour cr\u00e9er un catalogue de polices de caract\u00e8res.\nIl est de notori\u00e9t\u00e9 publique depuis longtemps qu'en regardant la mise en page d'une page, le lecteur est distrait par le contenu textuel. Le point important de l'utilisation du Lorem Ipsum est qu'il consiste en une distribution plus ou moins normale de lettres, par opposition \u00e0 \"Voici votre texte, voici votre texte\", ce qui le rend plus ou moins lisible en n\u00e9erlandais. De nombreux logiciels de publication assist\u00e9e par ordinateur et \u00e9diteurs de pages web utilisent aujourd'hui le Lorem Ipsum comme mod\u00e8le de texte standard, et une recherche sur \"lorem ipsum\" permet d'acc\u00e9der \u00e0 de nombreux sites web encore en construction. Plusieurs versions se sont d\u00e9velopp\u00e9es au fil des ans, parfois accidentellement, parfois volontairement (humour ins\u00e9r\u00e9, etc.).\nDe nombreuses variantes de passages du Lorem Ipsum sont disponibles, mais la plupart ont subi des alt\u00e9rations sous une forme ou une autre, par l'insertion d'humour ou de mots choisis au hasard qui ne semblent toujours pas \u00e0 moiti\u00e9 cr\u00e9dibles. Si vous avez l'intention d'utiliser un passage de Lorum Ipsum, vous devez vous assurer qu'il n'y a rien d'embarrassant cach\u00e9 au milieu du texte. Tous les g\u00e9n\u00e9rateurs de Lorum Ipsum sur Internet ont la propri\u00e9t\u00e9 de r\u00e9p\u00e9ter des morceaux pr\u00e9d\u00e9finis lorsque c'est n\u00e9cessaire, c'est donc le premier v\u00e9ritable g\u00e9n\u00e9rateur sur Internet.<\/span>\t\t\t\t<\/div>\n\t\t\t\t<\/div>\n\t\t\t\t<div class=\"elementor-element elementor-element-3ab87fb elementor-hidden-desktop elementor-hidden-tablet elementor-hidden-mobile elementor-widget elementor-widget-image\" data-id=\"3ab87fb\" data-element_type=\"widget\" data-e-type=\"widget\" data-widget_type=\"image.default\">\n\t\t\t\t<div class=\"elementor-widget-container\">\n\t\t\t\t\t\t\t\t\t\t\t\t\t\t\t<img decoding=\"async\" width=\"123\" height=\"123\" src=\"https:\/\/zaliginantwerpen.be\/wp-content\/uploads\/2022\/09\/cropped-logo.png\" class=\"attachment-large size-large wp-image-1299\" alt=\"Logo de contact page de r\u00e9serve m\u00e9dia\" srcset=\"https:\/\/zaliginantwerpen.be\/wp-content\/uploads\/2022\/09\/cropped-logo.png 123w, https:\/\/zaliginantwerpen.be\/wp-content\/uploads\/2022\/09\/cropped-logo-100x100.png 100w\" sizes=\"(max-width: 123px) 100vw, 123px\" \/>\t\t\t\t\t\t\t\t\t\t\t\t\t\t\t<\/div>\n\t\t\t\t<\/div>\n\t\t\t\t\t<\/div>\n\t\t\t\t<\/div>\n\t\t\t\t<\/div>","protected":false},"excerpt":{"rendered":"<p>Contacteer Ons Heb je vragen, twijfel niet om contact op te nemen. Dit kan door een mailtje te sturen of te bellen tijdens de kantooruren. Wij trachten je zo goed mogelijk verder te helpen. Boek hier Kantooradres : Zalig BV, Dennenlei 7, 2900 Schoten, Belgi\u00eb Openingsuren : maandag tot vrijdag : 09.30 &#8211; 18.00 Telefoon [&hellip;]<\/p>\n","protected":false},"author":226237177,"featured_media":0,"parent":0,"menu_order":0,"comment_status":"closed","ping_status":"closed","template":"","meta":{"_monsterinsights_skip_tracking":false,"_monsterinsights_sitenote_active":false,"_monsterinsights_sitenote_note":"","_monsterinsights_sitenote_category":0,"footnotes":""},"class_list":["post-1666","page","type-page","status-publish","hentry"],"yoast_head":"<!-- This site is optimized with the Yoast SEO plugin v27.5 - https:\/\/yoast.com\/product\/yoast-seo-wordpress\/ -->\n<title>Contact - Zalig In Antwerpen<\/title>\n<meta name=\"description\" content=\"Heb je vragen, twijfel niet om contact op te nemen via bovenstaande methodes. Wij zullen u trachten zo goed mogelijk te helpen.\" \/>\n<meta name=\"robots\" content=\"index, follow, max-snippet:-1, max-image-preview:large, max-video-preview:-1\" \/>\n<link rel=\"canonical\" href=\"https:\/\/zaliginantwerpen.be\/fr\/contact\/\" \/>\n<meta property=\"og:locale\" content=\"fr_FR\" \/>\n<meta property=\"og:type\" content=\"article\" \/>\n<meta property=\"og:title\" content=\"Contact - Zalig In Antwerpen\" \/>\n<meta property=\"og:description\" content=\"Heb je vragen, twijfel niet om contact op te nemen via bovenstaande methodes. Wij zullen u trachten zo goed mogelijk te helpen.\" \/>\n<meta property=\"og:url\" content=\"https:\/\/zaliginantwerpen.be\/fr\/contact\/\" \/>\n<meta property=\"og:site_name\" content=\"Zalig In Antwerpen\" \/>\n<meta property=\"article:modified_time\" content=\"2025-05-25T12:12:19+00:00\" \/>\n<meta property=\"og:image\" content=\"https:\/\/zaliginantwerpen.be\/wp-content\/uploads\/2022\/09\/cropped-logo.png\" \/>\n\t<meta property=\"og:image:width\" content=\"123\" \/>\n\t<meta property=\"og:image:height\" content=\"123\" \/>\n\t<meta property=\"og:image:type\" content=\"image\/png\" \/>\n<meta name=\"twitter:card\" content=\"summary_large_image\" \/>\n<meta name=\"twitter:label1\" content=\"Dur\u00e9e de lecture estim\u00e9e\" \/>\n\t<meta name=\"twitter:data1\" content=\"2 minutes\" \/>\n<script type=\"application\/ld+json\" class=\"yoast-schema-graph\">{\"@context\":\"https:\\\/\\\/schema.org\",\"@graph\":[{\"@type\":\"WebPage\",\"@id\":\"https:\\\/\\\/zaliginantwerpen.be\\\/contact\\\/\",\"url\":\"https:\\\/\\\/zaliginantwerpen.be\\\/contact\\\/\",\"name\":\"Contact - Zalig In Antwerpen\",\"isPartOf\":{\"@id\":\"https:\\\/\\\/zaliginantwerpen.be\\\/#website\"},\"primaryImageOfPage\":{\"@id\":\"https:\\\/\\\/zaliginantwerpen.be\\\/contact\\\/#primaryimage\"},\"image\":{\"@id\":\"https:\\\/\\\/zaliginantwerpen.be\\\/contact\\\/#primaryimage\"},\"thumbnailUrl\":\"https:\\\/\\\/zaliginantwerpen.be\\\/wp-content\\\/uploads\\\/2022\\\/09\\\/cropped-logo.png\",\"datePublished\":\"2022-10-31T09:58:11+00:00\",\"dateModified\":\"2025-05-25T12:12:19+00:00\",\"description\":\"Heb je vragen, twijfel niet om contact op te nemen via bovenstaande methodes. Wij zullen u trachten zo goed mogelijk te helpen.\",\"breadcrumb\":{\"@id\":\"https:\\\/\\\/zaliginantwerpen.be\\\/contact\\\/#breadcrumb\"},\"inLanguage\":\"fr-FR\",\"potentialAction\":[{\"@type\":\"ReadAction\",\"target\":[\"https:\\\/\\\/zaliginantwerpen.be\\\/contact\\\/\"]}]},{\"@type\":\"ImageObject\",\"inLanguage\":\"fr-FR\",\"@id\":\"https:\\\/\\\/zaliginantwerpen.be\\\/contact\\\/#primaryimage\",\"url\":\"https:\\\/\\\/zaliginantwerpen.be\\\/wp-content\\\/uploads\\\/2022\\\/09\\\/cropped-logo.png\",\"contentUrl\":\"https:\\\/\\\/zaliginantwerpen.be\\\/wp-content\\\/uploads\\\/2022\\\/09\\\/cropped-logo.png\"},{\"@type\":\"BreadcrumbList\",\"@id\":\"https:\\\/\\\/zaliginantwerpen.be\\\/contact\\\/#breadcrumb\",\"itemListElement\":[{\"@type\":\"ListItem\",\"position\":1,\"name\":\"Home\",\"item\":\"https:\\\/\\\/zaliginantwerpen.be\\\/\"},{\"@type\":\"ListItem\",\"position\":2,\"name\":\"Contact\"}]},{\"@type\":\"WebSite\",\"@id\":\"https:\\\/\\\/zaliginantwerpen.be\\\/#website\",\"url\":\"https:\\\/\\\/zaliginantwerpen.be\\\/\",\"name\":\"Zalig In Antwerpen\",\"description\":\"Boutique Holiday Homes in the centre of Antwerp\",\"potentialAction\":[{\"@type\":\"SearchAction\",\"target\":{\"@type\":\"EntryPoint\",\"urlTemplate\":\"https:\\\/\\\/zaliginantwerpen.be\\\/?s={search_term_string}\"},\"query-input\":{\"@type\":\"PropertyValueSpecification\",\"valueRequired\":true,\"valueName\":\"search_term_string\"}}],\"inLanguage\":\"fr-FR\"}]}<\/script>\n<!-- \/ Yoast SEO plugin. -->","yoast_head_json":{"title":"Contact - Bienheureux \u00e0 Anvers","description":"Si vous avez des questions, n'h\u00e9sitez pas \u00e0 nous contacter via les m\u00e9thodes ci-dessus. Nous essaierons de vous aider au mieux.","robots":{"index":"index","follow":"follow","max-snippet":"max-snippet:-1","max-image-preview":"max-image-preview:large","max-video-preview":"max-video-preview:-1"},"canonical":"https:\/\/zaliginantwerpen.be\/fr\/contact\/","og_locale":"fr_FR","og_type":"article","og_title":"Contact - Zalig In Antwerpen","og_description":"Heb je vragen, twijfel niet om contact op te nemen via bovenstaande methodes. Wij zullen u trachten zo goed mogelijk te helpen.","og_url":"https:\/\/zaliginantwerpen.be\/fr\/contact\/","og_site_name":"Zalig In Antwerpen","article_modified_time":"2025-05-25T12:12:19+00:00","og_image":[{"width":123,"height":123,"url":"https:\/\/zaliginantwerpen.be\/wp-content\/uploads\/2022\/09\/cropped-logo.png","type":"image\/png"}],"twitter_card":"summary_large_image","twitter_misc":{"Dur\u00e9e de lecture estim\u00e9e":"2 minutes"},"schema":{"@context":"https:\/\/schema.org","@graph":[{"@type":"WebPage","@id":"https:\/\/zaliginantwerpen.be\/contact\/","url":"https:\/\/zaliginantwerpen.be\/contact\/","name":"Contact - Bienheureux \u00e0 Anvers","isPartOf":{"@id":"https:\/\/zaliginantwerpen.be\/#website"},"primaryImageOfPage":{"@id":"https:\/\/zaliginantwerpen.be\/contact\/#primaryimage"},"image":{"@id":"https:\/\/zaliginantwerpen.be\/contact\/#primaryimage"},"thumbnailUrl":"https:\/\/zaliginantwerpen.be\/wp-content\/uploads\/2022\/09\/cropped-logo.png","datePublished":"2022-10-31T09:58:11+00:00","dateModified":"2025-05-25T12:12:19+00:00","description":"Si vous avez des questions, n'h\u00e9sitez pas \u00e0 nous contacter via les m\u00e9thodes ci-dessus. Nous essaierons de vous aider au mieux.","breadcrumb":{"@id":"https:\/\/zaliginantwerpen.be\/contact\/#breadcrumb"},"inLanguage":"fr-FR","potentialAction":[{"@type":"ReadAction","target":["https:\/\/zaliginantwerpen.be\/contact\/"]}]},{"@type":"ImageObject","inLanguage":"fr-FR","@id":"https:\/\/zaliginantwerpen.be\/contact\/#primaryimage","url":"https:\/\/zaliginantwerpen.be\/wp-content\/uploads\/2022\/09\/cropped-logo.png","contentUrl":"https:\/\/zaliginantwerpen.be\/wp-content\/uploads\/2022\/09\/cropped-logo.png"},{"@type":"BreadcrumbList","@id":"https:\/\/zaliginantwerpen.be\/contact\/#breadcrumb","itemListElement":[{"@type":"ListItem","position":1,"name":"Home","item":"https:\/\/zaliginantwerpen.be\/"},{"@type":"ListItem","position":2,"name":"Contact"}]},{"@type":"WebSite","@id":"https:\/\/zaliginantwerpen.be\/#website","url":"https:\/\/zaliginantwerpen.be\/","name":"Zalig In Antwerpen","description":"Boutique Holiday Homes dans le centre d'Anvers","potentialAction":[{"@type":"SearchAction","target":{"@type":"EntryPoint","urlTemplate":"https:\/\/zaliginantwerpen.be\/?s={search_term_string}"},"query-input":{"@type":"PropertyValueSpecification","valueRequired":true,"valueName":"search_term_string"}}],"inLanguage":"fr-FR"}]}},"_links":{"self":[{"href":"https:\/\/zaliginantwerpen.be\/fr\/wp-json\/wp\/v2\/pages\/1666","targetHints":{"allow":["GET"]}}],"collection":[{"href":"https:\/\/zaliginantwerpen.be\/fr\/wp-json\/wp\/v2\/pages"}],"about":[{"href":"https:\/\/zaliginantwerpen.be\/fr\/wp-json\/wp\/v2\/types\/page"}],"author":[{"embeddable":true,"href":"https:\/\/zaliginantwerpen.be\/fr\/wp-json\/wp\/v2\/users\/226237177"}],"replies":[{"embeddable":true,"href":"https:\/\/zaliginantwerpen.be\/fr\/wp-json\/wp\/v2\/comments?post=1666"}],"version-history":[{"count":54,"href":"https:\/\/zaliginantwerpen.be\/fr\/wp-json\/wp\/v2\/pages\/1666\/revisions"}],"predecessor-version":[{"id":16920,"href":"https:\/\/zaliginantwerpen.be\/fr\/wp-json\/wp\/v2\/pages\/1666\/revisions\/16920"}],"wp:attachment":[{"href":"https:\/\/zaliginantwerpen.be\/fr\/wp-json\/wp\/v2\/media?parent=1666"}],"curies":[{"name":"wp","href":"https:\/\/api.w.org\/{rel}","templated":true}]}}