{"id":1635,"date":"2022-10-18T15:12:28","date_gmt":"2022-10-18T13:12:28","guid":{"rendered":"https:\/\/zaliginantwerpen.be\/?page_id=1635"},"modified":"2025-05-28T09:26:37","modified_gmt":"2025-05-28T07:26:37","slug":"videos","status":"publish","type":"page","link":"https:\/\/zaliginantwerpen.be\/fr\/video\/","title":{"rendered":"Vid\u00e9os"},"content":{"rendered":"<div data-elementor-type=\"wp-page\" data-elementor-id=\"1635\" class=\"elementor elementor-1635\" data-elementor-post-type=\"page\">\n\t\t\t\t\t\t<section class=\"elementor-section elementor-top-section elementor-element elementor-element-95eebdf elementor-section-full_width zalig-section elementor-section-height-default elementor-section-height-default\" data-id=\"95eebdf\" data-element_type=\"section\" data-e-type=\"section\" data-settings=\"{&quot;background_background&quot;:&quot;classic&quot;,&quot;jet_parallax_layout_list&quot;:[]}\">\n\t\t\t\t\t\t<div class=\"elementor-container elementor-column-gap-no\">\n\t\t\t\t\t<div class=\"elementor-column elementor-col-100 elementor-top-column elementor-element elementor-element-3700ce5\" data-id=\"3700ce5\" data-element_type=\"column\" data-e-type=\"column\">\n\t\t\t<div class=\"elementor-widget-wrap elementor-element-populated\">\n\t\t\t\t\t\t<div class=\"elementor-element elementor-element-db85e78 elementor-widget elementor-widget-heading\" data-id=\"db85e78\" data-element_type=\"widget\" data-e-type=\"widget\" data-widget_type=\"heading.default\">\n\t\t\t\t<div class=\"elementor-widget-container\">\n\t\t\t\t\t<h1 class=\"elementor-heading-title elementor-size-default\">Vid\u00e9os<\/h1>\t\t\t\t<\/div>\n\t\t\t\t<\/div>\n\t\t\t\t<div class=\"elementor-element elementor-element-e97d1a1 elementor-widget elementor-widget-heading\" data-id=\"e97d1a1\" data-element_type=\"widget\" data-e-type=\"widget\" data-widget_type=\"heading.default\">\n\t\t\t\t<div class=\"elementor-widget-container\">\n\t\t\t\t\t<span class=\"elementor-heading-title elementor-size-default\">Quelques vid\u00e9os d'ambiance de nos maisons de vacances r\u00e9nov\u00e9es avec passion \u00e0 Anvers. A louer \u00e0 partir de 2 nuits en semaine, 3 nuits pendant le week-end<\/span>\t\t\t\t<\/div>\n\t\t\t\t<\/div>\n\t\t\t\t<section class=\"elementor-section elementor-inner-section elementor-element elementor-element-40c2cf2 elementor-section-boxed elementor-section-height-default elementor-section-height-default\" data-id=\"40c2cf2\" data-element_type=\"section\" data-e-type=\"section\" data-settings=\"{&quot;jet_parallax_layout_list&quot;:[]}\">\n\t\t\t\t\t\t<div class=\"elementor-container elementor-column-gap-no\">\n\t\t\t\t\t<div class=\"elementor-column elementor-col-100 elementor-inner-column elementor-element elementor-element-dd87a2d\" data-id=\"dd87a2d\" data-element_type=\"column\" data-e-type=\"column\">\n\t\t\t<div class=\"elementor-widget-wrap elementor-element-populated\">\n\t\t\t\t\t\t<div class=\"elementor-element elementor-element-4f62b7a elementor-widget-divider--view-line elementor-widget elementor-widget-divider\" data-id=\"4f62b7a\" data-element_type=\"widget\" data-e-type=\"widget\" data-widget_type=\"divider.default\">\n\t\t\t\t<div class=\"elementor-widget-container\">\n\t\t\t\t\t\t\t<div class=\"elementor-divider\">\n\t\t\t<span class=\"elementor-divider-separator\">\n\t\t\t\t\t\t<\/span>\n\t\t<\/div>\n\t\t\t\t\t\t<\/div>\n\t\t\t\t<\/div>\n\t\t\t\t<div class=\"elementor-element elementor-element-48a20bb elementor-widget elementor-widget-heading\" data-id=\"48a20bb\" data-element_type=\"widget\" data-e-type=\"widget\" data-widget_type=\"heading.default\">\n\t\t\t\t<div class=\"elementor-widget-container\">\n\t\t\t\t\t<h2 class=\"elementor-heading-title elementor-size-default\">Anvers<\/h2>\t\t\t\t<\/div>\n\t\t\t\t<\/div>\n\t\t\t\t<div class=\"elementor-element elementor-element-af6bc55 elementor-widget elementor-widget-text-editor\" data-id=\"af6bc55\" data-element_type=\"widget\" data-e-type=\"widget\" data-widget_type=\"text-editor.default\">\n\t\t\t\t<div class=\"elementor-widget-container\">\n\t\t\t\t\t\t\t\t\t<p style=\"text-align: center;\"><a href=\"https:\/\/zaliginantwerpen.be\/fr\/maisons-de-vacances\/location-gite-anvers-belgique-a-louer-6-8-10-personnes-leeuwenstraat-9\/\" target=\"_blank\" rel=\"noopener\"><span style=\"text-decoration: underline; color: #8d7e5f;\"><span style=\"font-size: 9pt;\">Location g\u00eete boutique pour 10 personnes dans un b\u00e2timent historique, \u00e0 Leeuwenstraat 9, au c\u0153ur d'Anvers.<\/span><\/span><\/a><\/p>\t\t\t\t\t\t\t\t<\/div>\n\t\t\t\t<\/div>\n\t\t\t\t<div class=\"elementor-element elementor-element-f321622 elementor-widget elementor-widget-video\" data-id=\"f321622\" data-element_type=\"widget\" data-e-type=\"widget\" data-settings=\"{&quot;youtube_url&quot;:&quot;https:\\\/\\\/youtu.be\\\/qzUbEnSnViY&quot;,&quot;video_type&quot;:&quot;youtube&quot;,&quot;controls&quot;:&quot;yes&quot;}\" data-widget_type=\"video.default\">\n\t\t\t\t<div class=\"elementor-widget-container\">\n\t\t\t\t\t\t\t<div class=\"elementor-wrapper elementor-open-inline\">\n\t\t\t<div class=\"elementor-video\"><\/div>\t\t<\/div>\n\t\t\t\t\t\t<\/div>\n\t\t\t\t<\/div>\n\t\t\t\t<div class=\"elementor-element elementor-element-3750d8d elementor-widget elementor-widget-text-editor\" data-id=\"3750d8d\" data-element_type=\"widget\" data-e-type=\"widget\" data-widget_type=\"text-editor.default\">\n\t\t\t\t<div class=\"elementor-widget-container\">\n\t\t\t\t\t\t\t\t\t<p style=\"text-align: center;\"><span style=\"font-size: 9pt;\"><em>Atmosph\u00e8re vid\u00e9o G\u00eete boutique Zalig In Antwerpen, Leeuwenstraat 9 |\u00a0 \u00a0 <span style=\"color: #0000ff;\">\u00a0<\/span><\/em><\/span><span style=\"font-size: 10pt; color: #0000ff;\"><em><a style=\"color: #0000ff;\" href=\"http:\/\/www.zaliginantwerpen.be\/fr\" target=\"_blank\" rel=\"noreferrer noopener\"><span style=\"color: #8d7e5f;\">www.zaliginantwerpen.be<\/span><\/a><\/em><\/span><\/p>\t\t\t\t\t\t\t\t<\/div>\n\t\t\t\t<\/div>\n\t\t\t\t\t<\/div>\n\t\t<\/div>\n\t\t\t\t\t<\/div>\n\t\t<\/section>\n\t\t\t\t<section class=\"elementor-section elementor-inner-section elementor-element elementor-element-77b4ebd elementor-section-boxed elementor-section-height-default elementor-section-height-default\" data-id=\"77b4ebd\" data-element_type=\"section\" data-e-type=\"section\" data-settings=\"{&quot;jet_parallax_layout_list&quot;:[]}\">\n\t\t\t\t\t\t<div class=\"elementor-container elementor-column-gap-no\">\n\t\t\t\t\t<div class=\"elementor-column elementor-col-100 elementor-inner-column elementor-element elementor-element-1babc37\" data-id=\"1babc37\" data-element_type=\"column\" data-e-type=\"column\">\n\t\t\t<div class=\"elementor-widget-wrap elementor-element-populated\">\n\t\t\t\t\t\t<div class=\"elementor-element elementor-element-20fb4e0 elementor-widget elementor-widget-text-editor\" data-id=\"20fb4e0\" data-element_type=\"widget\" data-e-type=\"widget\" data-widget_type=\"text-editor.default\">\n\t\t\t\t<div class=\"elementor-widget-container\">\n\t\t\t\t\t\t\t\t\t<p style=\"text-align: center;\"><span style=\"text-decoration: underline; font-size: 9pt; color: #8d7e5f;\"><a style=\"color: #8d7e5f; text-decoration: underline;\" href=\"https:\/\/zaliginantwerpen.be\/fr\/maisons-de-vacances\/location-maison-de-vacances-anvers-belgiqiue-a-louer-6-8-10-12-14-personnes-lange-riddersstraat-77\/\" target=\"_blank\" rel=\"noreferrer noopener\">Maison de vacances boutique pour 6 \u00e0 14 personnes dans le centre d'Anvers, \u00e0 Lange Ridderstraat 77<\/a><\/span><\/p>\t\t\t\t\t\t\t\t<\/div>\n\t\t\t\t<\/div>\n\t\t\t\t<div class=\"elementor-element elementor-element-21ff5cd elementor-widget elementor-widget-video\" data-id=\"21ff5cd\" data-element_type=\"widget\" data-e-type=\"widget\" data-settings=\"{&quot;youtube_url&quot;:&quot;https:\\\/\\\/youtu.be\\\/gjvLN8_sIzg&quot;,&quot;video_type&quot;:&quot;youtube&quot;,&quot;controls&quot;:&quot;yes&quot;}\" data-widget_type=\"video.default\">\n\t\t\t\t<div class=\"elementor-widget-container\">\n\t\t\t\t\t\t\t<div class=\"elementor-wrapper elementor-open-inline\">\n\t\t\t<div class=\"elementor-video\"><\/div>\t\t<\/div>\n\t\t\t\t\t\t<\/div>\n\t\t\t\t<\/div>\n\t\t\t\t<div class=\"elementor-element elementor-element-6fdab72 elementor-widget elementor-widget-text-editor\" data-id=\"6fdab72\" data-element_type=\"widget\" data-e-type=\"widget\" data-widget_type=\"text-editor.default\">\n\t\t\t\t<div class=\"elementor-widget-container\">\n\t\t\t\t\t\t\t\t\t<p style=\"text-align: center;\"><span style=\"color: #8d7e5f;\"><span style=\"font-size: 10pt;\"><em>Vid\u00e9o d'ambiance maison de vacances Zalig A Antwerpen, Lange Riddersstraat 77 |\u00a0 \u00a0 \u00a0<\/em><\/span><span style=\"font-size: 10pt;\"><em><a style=\"color: #8d7e5f;\" href=\"http:\/\/www.zaliginantwerpen.be\/fr\" target=\"_blank\" rel=\"noreferrer noopener\">www.zaliginantwerpen.be<\/a><\/em><\/span><\/span><\/p>\t\t\t\t\t\t\t\t<\/div>\n\t\t\t\t<\/div>\n\t\t\t\t\t<\/div>\n\t\t<\/div>\n\t\t\t\t\t<\/div>\n\t\t<\/section>\n\t\t\t\t\t<\/div>\n\t\t<\/div>\n\t\t\t\t\t<\/div>\n\t\t<\/section>\n\t\t\t\t<\/div>","protected":false},"excerpt":{"rendered":"<p>Video&#8217;s Enkele sfeervideo\u2019s van onze met passie gerenoveerde vakantiewoningen in Antwerpen. Te huur vanaf 2 nachten tijdens de week, 3 nachten tijdens het weekend Antwerpen Boetiek vakantiewoning voor 10 personen in historisch pand, in Leeuwenstraat 9, hartje Antwerpen. https:\/\/youtu.be\/qzUbEnSnViY Sfeer video vakantiewoning Zalig In Antwerpen, Leeuwenstraat\u00a0 \u00a0 \u00a0 \u00a0 \u00a0 |\u00a0 \u00a0 \u00a0www.zaliginantwerpen.be Boetiek vakantiewoning [&hellip;]<\/p>\n","protected":false},"author":226237177,"featured_media":0,"parent":0,"menu_order":0,"comment_status":"closed","ping_status":"closed","template":"","meta":{"_monsterinsights_skip_tracking":false,"_monsterinsights_sitenote_active":false,"_monsterinsights_sitenote_note":"","_monsterinsights_sitenote_category":0,"footnotes":""},"class_list":["post-1635","page","type-page","status-publish","hentry"],"yoast_head":"<!-- This site is optimized with the Yoast SEO plugin v27.2 - https:\/\/yoast.com\/product\/yoast-seo-wordpress\/ -->\n<title>Video&#039;s - Zalig In Antwerpen<\/title>\n<meta name=\"description\" content=\"Enkele video\u2019s van onze met passie gerenoveerde vakantiewoningen in Knokke-Heist, Damme, Blankenberge en Antwerpen.\" \/>\n<meta name=\"robots\" content=\"index, follow, max-snippet:-1, max-image-preview:large, max-video-preview:-1\" \/>\n<link rel=\"canonical\" href=\"https:\/\/zaliginantwerpen.be\/fr\/videos\/\" \/>\n<meta property=\"og:locale\" content=\"fr_FR\" \/>\n<meta property=\"og:type\" content=\"article\" \/>\n<meta property=\"og:title\" content=\"Video&#039;s - Zalig In Antwerpen\" \/>\n<meta property=\"og:description\" content=\"Enkele video\u2019s van onze met passie gerenoveerde vakantiewoningen in Knokke-Heist, Damme, Blankenberge en Antwerpen.\" \/>\n<meta property=\"og:url\" content=\"https:\/\/zaliginantwerpen.be\/fr\/videos\/\" \/>\n<meta property=\"og:site_name\" content=\"Zalig In Antwerpen\" \/>\n<meta property=\"article:modified_time\" content=\"2025-05-28T07:26:37+00:00\" \/>\n<meta name=\"twitter:card\" content=\"summary_large_image\" \/>\n<meta name=\"twitter:label1\" content=\"Dur\u00e9e de lecture estim\u00e9e\" \/>\n\t<meta name=\"twitter:data1\" content=\"1 minute\" \/>\n<script type=\"application\/ld+json\" class=\"yoast-schema-graph\">{\"@context\":\"https:\/\/schema.org\",\"@graph\":[{\"@type\":\"WebPage\",\"@id\":\"https:\/\/zaliginantwerpen.be\/video\/\",\"url\":\"https:\/\/zaliginantwerpen.be\/video\/\",\"name\":\"Video's - Zalig In Antwerpen\",\"isPartOf\":{\"@id\":\"https:\/\/zaliginantwerpen.be\/#website\"},\"datePublished\":\"2022-10-18T13:12:28+00:00\",\"dateModified\":\"2025-05-28T07:26:37+00:00\",\"description\":\"Enkele video\u2019s van onze met passie gerenoveerde vakantiewoningen in Knokke-Heist, Damme, Blankenberge en Antwerpen.\",\"breadcrumb\":{\"@id\":\"https:\/\/zaliginantwerpen.be\/video\/#breadcrumb\"},\"inLanguage\":\"fr-FR\",\"potentialAction\":[{\"@type\":\"ReadAction\",\"target\":[\"https:\/\/zaliginantwerpen.be\/video\/\"]}]},{\"@type\":\"BreadcrumbList\",\"@id\":\"https:\/\/zaliginantwerpen.be\/video\/#breadcrumb\",\"itemListElement\":[{\"@type\":\"ListItem\",\"position\":1,\"name\":\"Home\",\"item\":\"https:\/\/zaliginantwerpen.be\/\"},{\"@type\":\"ListItem\",\"position\":2,\"name\":\"Video&#8217;s\"}]},{\"@type\":\"WebSite\",\"@id\":\"https:\/\/zaliginantwerpen.be\/#website\",\"url\":\"https:\/\/zaliginantwerpen.be\/\",\"name\":\"Zalig In Antwerpen\",\"description\":\"Boutique Holiday Homes in the centre of Antwerp\",\"potentialAction\":[{\"@type\":\"SearchAction\",\"target\":{\"@type\":\"EntryPoint\",\"urlTemplate\":\"https:\/\/zaliginantwerpen.be\/?s={search_term_string}\"},\"query-input\":{\"@type\":\"PropertyValueSpecification\",\"valueRequired\":true,\"valueName\":\"search_term_string\"}}],\"inLanguage\":\"fr-FR\"}]}<\/script>\n<!-- \/ Yoast SEO plugin. -->","yoast_head_json":{"title":"Vid\u00e9os - Zalig In Antwerpen","description":"Enkele video\u2019s van onze met passie gerenoveerde vakantiewoningen in Knokke-Heist, Damme, Blankenberge en Antwerpen.","robots":{"index":"index","follow":"follow","max-snippet":"max-snippet:-1","max-image-preview":"max-image-preview:large","max-video-preview":"max-video-preview:-1"},"canonical":"https:\/\/zaliginantwerpen.be\/fr\/videos\/","og_locale":"fr_FR","og_type":"article","og_title":"Video's - Zalig In Antwerpen","og_description":"Enkele video\u2019s van onze met passie gerenoveerde vakantiewoningen in Knokke-Heist, Damme, Blankenberge en Antwerpen.","og_url":"https:\/\/zaliginantwerpen.be\/fr\/videos\/","og_site_name":"Zalig In Antwerpen","article_modified_time":"2025-05-28T07:26:37+00:00","twitter_card":"summary_large_image","twitter_misc":{"Dur\u00e9e de lecture estim\u00e9e":"1 minute"},"schema":{"@context":"https:\/\/schema.org","@graph":[{"@type":"WebPage","@id":"https:\/\/zaliginantwerpen.be\/video\/","url":"https:\/\/zaliginantwerpen.be\/video\/","name":"Vid\u00e9os - Zalig In Antwerpen","isPartOf":{"@id":"https:\/\/zaliginantwerpen.be\/#website"},"datePublished":"2022-10-18T13:12:28+00:00","dateModified":"2025-05-28T07:26:37+00:00","description":"Enkele video\u2019s van onze met passie gerenoveerde vakantiewoningen in Knokke-Heist, Damme, Blankenberge en Antwerpen.","breadcrumb":{"@id":"https:\/\/zaliginantwerpen.be\/video\/#breadcrumb"},"inLanguage":"fr-FR","potentialAction":[{"@type":"ReadAction","target":["https:\/\/zaliginantwerpen.be\/video\/"]}]},{"@type":"BreadcrumbList","@id":"https:\/\/zaliginantwerpen.be\/video\/#breadcrumb","itemListElement":[{"@type":"ListItem","position":1,"name":"Home","item":"https:\/\/zaliginantwerpen.be\/"},{"@type":"ListItem","position":2,"name":"Video&#8217;s"}]},{"@type":"WebSite","@id":"https:\/\/zaliginantwerpen.be\/#website","url":"https:\/\/zaliginantwerpen.be\/","name":"Zalig In Antwerpen","description":"Boutique Holiday Homes dans le centre d'Anvers","potentialAction":[{"@type":"SearchAction","target":{"@type":"EntryPoint","urlTemplate":"https:\/\/zaliginantwerpen.be\/?s={search_term_string}"},"query-input":{"@type":"PropertyValueSpecification","valueRequired":true,"valueName":"search_term_string"}}],"inLanguage":"fr-FR"}]}},"_links":{"self":[{"href":"https:\/\/zaliginantwerpen.be\/fr\/wp-json\/wp\/v2\/pages\/1635","targetHints":{"allow":["GET"]}}],"collection":[{"href":"https:\/\/zaliginantwerpen.be\/fr\/wp-json\/wp\/v2\/pages"}],"about":[{"href":"https:\/\/zaliginantwerpen.be\/fr\/wp-json\/wp\/v2\/types\/page"}],"author":[{"embeddable":true,"href":"https:\/\/zaliginantwerpen.be\/fr\/wp-json\/wp\/v2\/users\/226237177"}],"replies":[{"embeddable":true,"href":"https:\/\/zaliginantwerpen.be\/fr\/wp-json\/wp\/v2\/comments?post=1635"}],"version-history":[{"count":21,"href":"https:\/\/zaliginantwerpen.be\/fr\/wp-json\/wp\/v2\/pages\/1635\/revisions"}],"predecessor-version":[{"id":16975,"href":"https:\/\/zaliginantwerpen.be\/fr\/wp-json\/wp\/v2\/pages\/1635\/revisions\/16975"}],"wp:attachment":[{"href":"https:\/\/zaliginantwerpen.be\/fr\/wp-json\/wp\/v2\/media?parent=1635"}],"curies":[{"name":"wp","href":"https:\/\/api.w.org\/{rel}","templated":true}]}}