{"id":9976,"date":"2023-12-06T09:45:38","date_gmt":"2023-12-06T08:45:38","guid":{"rendered":"https:\/\/zaliginantwerpen.be\/?page_id=9976"},"modified":"2025-04-05T12:07:23","modified_gmt":"2025-04-05T10:07:23","slug":"citytrip-antwerpen-padel-camp","status":"publish","type":"page","link":"https:\/\/zaliginantwerpen.be\/de\/citytrip-antwerpen-padel-clinic\/","title":{"rendered":"Citytrip Antwerpen mit Padel Camp"},"content":{"rendered":"<div data-elementor-type=\"wp-page\" data-elementor-id=\"9976\" class=\"elementor elementor-9976\" data-elementor-post-type=\"page\">\n\t\t\t\t<div class=\"elementor-element elementor-element-a9ddd32 e-con-full e-flex e-con e-parent\" data-id=\"a9ddd32\" data-element_type=\"container\" data-e-type=\"container\" data-settings=\"{&quot;background_background&quot;:&quot;classic&quot;,&quot;jet_parallax_layout_list&quot;:[]}\">\n\t\t\t\t<div class=\"elementor-element elementor-element-7f29621 elementor-widget elementor-widget-heading\" data-id=\"7f29621\" data-element_type=\"widget\" data-e-type=\"widget\" data-widget_type=\"heading.default\">\n\t\t\t\t<div class=\"elementor-widget-container\">\n\t\t\t\t\t<h1 class=\"elementor-heading-title elementor-size-default\">Citytrip Antwerpen mit Padel Camp<\/h1>\t\t\t\t<\/div>\n\t\t\t\t<\/div>\n\t\t\t\t<\/div>\n\t\t<div class=\"elementor-element elementor-element-c392c2f e-con-full zalig-section e-flex e-con e-parent\" data-id=\"c392c2f\" data-element_type=\"container\" data-e-type=\"container\" data-settings=\"{&quot;background_background&quot;:&quot;classic&quot;,&quot;jet_parallax_layout_list&quot;:[]}\">\n\t\t\t\t<div class=\"elementor-element elementor-element-fba186c elementor-widget elementor-widget-text-editor\" data-id=\"fba186c\" data-element_type=\"widget\" data-e-type=\"widget\" data-widget_type=\"text-editor.default\">\n\t\t\t\t<div class=\"elementor-widget-container\">\n\t\t\t\t\t\t\t\t\t<h2><span style=\"color: #8d7e5f;\">Sie m\u00f6chten eine St\u00e4dtereise nach Antwerpen machen? Warum nicht mit einer Padel-Klinik kombinieren!<\/span><\/h2><h3><span style=\"color: #8d7e5f;\">ZaligInAntwerpen organisiert einzigartige St\u00e4dtereisen mit Padel-Klinik und \u00dcbernachtung in der sch\u00f6nsten Ferienwohnung im Zentrum von Antwerpen<\/span><\/h3><ul><li><span style=\"color: #8d7e5f;\">Einzigartig <b>St\u00e4dtereise<\/b>\u00a0zum gesch\u00e4ftigen <b>Antwerpen<\/b>\u00a0<\/span><\/li><li><span style=\"color: #8d7e5f;\">Wo w\u00e4hrend einer intensiven\u00a0<b>Padel-Klinik<\/b> besser lernen\u00a0<strong>Padel\u00a0<\/strong>spielen\u00a0<\/span><\/li><li><span style=\"color: #8d7e5f;\">Sowohl f\u00fcr Anf\u00e4nger als auch f\u00fcr Fortgeschrittene geeignet<\/span><\/li><li>Padel Clinic organisiert von Belgiens besten Ausbildern<\/li><li><span style=\"color: #8d7e5f;\">Ideal f\u00fcr Freundes- oder Kollegengruppen von 6 bis 12 Personen, sowohl Singles als auch Paare<\/span><\/li><\/ul><h3><span style=\"color: #8d7e5f;\">Ihr Aufenthalt im m\u00e4rchenhaften Antwerpen<\/span><\/h3><ul><li><span style=\"color: #8d7e5f;\">Sie wohnen in einem luxuri\u00f6sen 4-Sterne-Hotel\u00a0<a href=\"https:\/\/zaliginantwerpen.be\/de\/ferienwohnung-antwerpen-belgien-mieten-6-8-10-12-14-personen-lange-riddersstraat-77\/\" target=\"_blank\" rel=\"noopener\">Feriendomizil<\/a>\u00a0von BlessedInAntwerp\u00a0<\/span><\/li><li><span style=\"color: #8d7e5f;\">Mitten im historischen Zentrum von <b>Antwerpen<\/b>zwischen dem Theaterviertel, dem Modeviertel und dem trendigen S\u00fcden<\/span><\/li><li><span style=\"font-style: inherit; font-weight: inherit;\">Ideal, um die fantastischen <\/span><span style=\"font-style: inherit;\"><b>Antwerpen<\/b><\/span><span style=\"font-style: inherit; font-weight: inherit;\"> mit seinen reizvollen Pl\u00e4tzen, erstklassigen Museen, Terrassen, ... zu erkunden.<\/span><\/li><li><span style=\"font-style: inherit; font-weight: inherit;\">Sie k\u00f6nnen herrlich spazieren gehen, einkaufen, auf den Markt gehen, Theater besuchen, ...<\/span><\/li><li><span style=\"color: #8d7e5f;\">All die leckeren Restaurants, Fr\u00fchst\u00fccks- und Mittagsl\u00e4den und Caf\u00e9s sind wirklich gleich um die Ecke<\/span><\/li><li><span style=\"font-style: inherit; font-weight: inherit;\">Kombination mit anderen Aktivit\u00e4ten m\u00f6glich: gef\u00fchrte Wanderung<\/span><span style=\"font-style: inherit; font-weight: inherit;\">, Hafenrundfahrt, Besuch des Zoos, ...<\/span><\/li><\/ul>\t\t\t\t\t\t\t\t<\/div>\n\t\t\t\t<\/div>\n\t\t\t\t<\/div>\n\t\t<div class=\"elementor-element elementor-element-c8ab71b e-con-full zalig-section e-flex e-con e-parent\" data-id=\"c8ab71b\" data-element_type=\"container\" data-e-type=\"container\" data-settings=\"{&quot;background_background&quot;:&quot;classic&quot;,&quot;jet_parallax_layout_list&quot;:[]}\">\n\t\t\t\t<div class=\"elementor-element elementor-element-e09eda2 elementor-widget__width-inherit elementor-widget elementor-widget-text-editor\" data-id=\"e09eda2\" data-element_type=\"widget\" data-e-type=\"widget\" data-widget_type=\"text-editor.default\">\n\t\t\t\t<div class=\"elementor-widget-container\">\n\t\t\t\t\t\t\t\t\t<h3><span style=\"color: #8d7e5f;\">Padel-Klinik w\u00e4hrend Ihrer Antwerpener St\u00e4dtereise<\/span><\/h3><p><span style=\"color: #8d7e5f;\">Die\u00a0<b>Padel-Klinik<\/b> werden von Ronny Van Langendonck, zertifizierter Padel-Lehrer und Leiter der Hello Padel Academy, und von Pablo Franco \"Pablito\" Duran, ehemaliger Top-200-WTP-Spieler und professioneller spanischer Padel-Trainer, der jetzt in Belgien t\u00e4tig ist, organisiert.<\/span><\/p><ul><li><span style=\"color: #8d7e5f;\">3 Tage 3 Stunden Padelunterricht pro Tag im Antwerpener Padel Club<\/span><\/li><\/ul><h3><span style=\"color: #8d7e5f;\"><strong>Pauschalpreise St\u00e4dtereise Antwerpen mit Padel-Klinik<\/strong><\/span><\/h3><figure class=\"wp-block-table is-style-stripes\"><table><tbody><tr><td><span style=\"color: #8d7e5f;\">f\u00fcr Gruppen von<\/span><\/td><td class=\"has-text-align-center\" data-align=\"center\"><span style=\"color: #8d7e5f;\">6 Personen<\/span><\/td><td class=\"has-text-align-center\" data-align=\"center\"><span style=\"color: #8d7e5f;\">8 Personen<\/span><\/td><td class=\"has-text-align-center\" data-align=\"center\"><span style=\"color: #8d7e5f;\">10 Personen<\/span><\/td><td class=\"has-text-align-center\" data-align=\"center\"><span style=\"color: #8d7e5f;\">12 Personen<\/span><\/td><\/tr><tr><td><span style=\"color: #8d7e5f;\">Preis pro Person ab<\/span><\/td><td class=\"has-text-align-center\" data-align=\"center\"><span style=\"color: #8d7e5f;\">750\u20ac<\/span><\/td><td class=\"has-text-align-center\" data-align=\"center\"><span style=\"color: #8d7e5f;\">565\u20ac<\/span><\/td><td class=\"has-text-align-center\" data-align=\"center\"><span style=\"color: #8d7e5f;\">450\u20ac<\/span><\/td><td class=\"has-text-align-center\" data-align=\"center\"><span style=\"color: #8d7e5f;\">375\u20ac<\/span><\/td><\/tr><\/tbody><\/table><\/figure><ul><li><span style=\"color: #8d7e5f;\">Eingeschlossen:<\/span><\/li><li style=\"list-style-type: none;\"><ul><li><span style=\"color: #8d7e5f;\">4 \u00dcbernachtungen in der Ferienwohnung (inkl. Bett- und Badew\u00e4sche, Endreinigung)<\/span><\/li><li><span style=\"color: #8d7e5f;\">Padel Unterricht<\/span><\/li><li><span style=\"color: #8d7e5f;\">Anmietung von Padelpl\u00e4tzen, ggf. mit \u00dcberdachung<\/span><\/li><li><span style=\"color: #8d7e5f;\">6% MEHRWERTSTEUER<\/span><\/li><li><span style=\"color: #8d7e5f;\">Kurtaxe 2,97\u20ac pro Person pro Nacht<\/span><\/li><\/ul><\/li><li><span style=\"color: #8d7e5f;\">Nicht enthalten<\/span><\/li><li style=\"list-style-type: none;\"><ul><li><span style=\"color: #8d7e5f;\">400\u20ac Kaution f\u00fcr das Ferienhaus. Diese wird zur\u00fcckerstattet, nachdem die\u00a0<b>St\u00e4dtereise<\/b>.<\/span><\/li><\/ul><\/li><\/ul><p><span style=\"color: #8d7e5f;\">Genaue Preise auf Anfrage, abh\u00e4ngig von der Anzahl der Teilnehmer und Ihren spezifischen Anforderungen. <\/span><\/p><p><span style=\"color: #8d7e5f;\">Falls erforderlich, werden wir f\u00fcr Sie <b>St\u00e4dtereise<\/b>\u00a0noch angenehmer (Preise auf Anfrage):<\/span><\/p><ul><li><span style=\"color: #8d7e5f;\">Fr\u00fchst\u00fccksservice in der Ferienwohnung<\/span><\/li><li><span style=\"color: #8d7e5f;\">Getr\u00e4nke und Snacks im K\u00fchlschrank bei Ankunft<\/span><\/li><li><span style=\"font-style: inherit; font-weight: inherit;\">Verpflegung in der Ferienwohnung<\/span><\/li><li><span style=\"font-style: inherit; font-weight: inherit;\">\u00dcberweisungen an den Padel Club<\/span><\/li><li><span style=\"color: #8d7e5f;\">Fahrradverleih<\/span><\/li><li><span style=\"color: #8d7e5f;\">Gef\u00fchrter Spaziergang durch Antwerpen<\/span><\/li><li>einzigartige Bootsfahrt durch den Antwerpener Stadthafen<\/li><li>Reservierung von Restaurants<\/li><li>Besuche von Museen, Theatern, Opern, ...<\/li><li>&#8230;<\/li><\/ul>\t\t\t\t\t\t\t\t<\/div>\n\t\t\t\t<\/div>\n\t\t<div class=\"elementor-element elementor-element-8c81763 e-con-full e-flex e-con e-child\" data-id=\"8c81763\" data-element_type=\"container\" data-e-type=\"container\" data-settings=\"{&quot;jet_parallax_layout_list&quot;:[]}\">\n\t\t\t\t<div class=\"elementor-element elementor-element-5872e84 elementor-widget elementor-widget-image\" data-id=\"5872e84\" data-element_type=\"widget\" data-e-type=\"widget\" data-widget_type=\"image.default\">\n\t\t\t\t<div class=\"elementor-widget-container\">\n\t\t\t\t\t\t\t\t\t\t\t\t\t\t\t<img decoding=\"async\" src=\"https:\/\/zaliginantwerpen.be\/wp-content\/uploads\/2022\/11\/HELLO-PADEL-ACADEMY-ronny-van-langendonck-en-Pablo-Franco-Duran.jpg\" title=\"\" alt=\"\" loading=\"lazy\" \/>\t\t\t\t\t\t\t\t\t\t\t\t\t\t\t<\/div>\n\t\t\t\t<\/div>\n\t\t\t\t<div class=\"elementor-element elementor-element-4be10a5 elementor-widget elementor-widget-heading\" data-id=\"4be10a5\" data-element_type=\"widget\" data-e-type=\"widget\" data-widget_type=\"heading.default\">\n\t\t\t\t<div class=\"elementor-widget-container\">\n\t\t\t\t\t<span class=\"elementor-heading-title elementor-size-default\">Pablo Franco \"Pablito\" Duran und\nRonny Van Langendonck<\/span>\t\t\t\t<\/div>\n\t\t\t\t<\/div>\n\t\t\t\t<\/div>\n\t\t\t\t<\/div>\n\t\t<div class=\"elementor-element elementor-element-67f47f8 e-con-full zalig-section e-flex e-con e-parent\" data-id=\"67f47f8\" data-element_type=\"container\" data-e-type=\"container\" data-settings=\"{&quot;background_background&quot;:&quot;classic&quot;,&quot;jet_parallax_layout_list&quot;:[]}\">\n\t\t\t\t<div class=\"elementor-element elementor-element-e731bda elementor-widget elementor-widget-text-editor\" data-id=\"e731bda\" data-element_type=\"widget\" data-e-type=\"widget\" data-widget_type=\"text-editor.default\">\n\t\t\t\t<div class=\"elementor-widget-container\">\n\t\t\t\t\t\t\t\t\t<h3><span style=\"color: #8d7e5f;\">Termine Citytrip Antwerpen mit Padel-Klinik\u00a0<\/span><\/h3><p><span style=\"color: #8d7e5f;\">Die <b>Padel-Klinik<\/b> findet immer am Dienstag, Mittwoch und Donnerstag von 11 bis 14 Uhr statt. Die Unterbringung erfolgt von Montagabend 17 Uhr bis Freitagmorgen 10 Uhr.<\/span><\/p><p><span style=\"color: #8d7e5f;\">Diese einzigartige\u00a0<b>Antwerpener Stadtrundfahrten mit Padel-Klinik<\/b><strong>\u00a0<\/strong>werden von ZaligInAntwerpen das ganze Jahr \u00fcber organisiert, au\u00dfer w\u00e4hrend der Schulferien.<\/span><\/p><p><span style=\"font-style: inherit; font-weight: inherit;\">Die oben genannten Preise beinhalten einen Aufenthalt von 4 N\u00e4chten in unserem sch\u00f6nen Boutique-Ferienhaus Lange Riddersstraat 77 im Zentrum von Antwerpen.  Sie k\u00f6nnen Ihren Aufenthalt verl\u00e4ngern, indem Sie ein Wochenende oder ein paar Tage l\u00e4nger buchen, zum Beispiel<\/span><span style=\"font-style: inherit; font-weight: inherit;\">. <span style=\"color: #8d7e5f;\">Sie finden\u00a0<\/span><span style=\"color: #8d7e5f;\">mehr Details und Fotos \u00fcber unser Ferienhaus, indem Sie auf den Link hier klicken, um\u00a0<\/span><a href=\"https:\/\/zaliginantwerpen.be\/de\/ferienwohnung-antwerpen-belgien-mieten-6-8-10-12-14-personen-lange-riddersstraat-77\/\" target=\"_blank\" rel=\"noopener\">Ferienhaus Lange Riddersstraat 77 Antwerpen<\/a><span style=\"color: #8d7e5f;\">.\u00a0<\/span><\/span><\/p><p><span style=\"color: #8d7e5f;\">F\u00fcr Informationen oder Buchungen Ihrer <b>St\u00e4dtereise<\/b> eine E-Mail senden an\u00a0<a style=\"color: #8d7e5f;\" href=\"mailto:stefaan.van.dyck@gmail.com\" target=\"_blank\" rel=\"noreferrer noopener\">stefaan.van.dyck@gmail.com<\/a> oder rufen Sie die Nummer +32 475 650 999 an, wir organisieren Ihre\u00a0<b>St\u00e4dtereise<\/b>\u00a0zu <b>Antwerpen<\/b> in dem von Ihnen gew\u00fcnschten Zeitraum.<\/span><\/p><section><span style=\"color: #8d7e5f;\">Wir bieten auch <b>St\u00e4dtereisen mit Padelkursen<\/b>\u00a0nach Br\u00fcgge oder an die belgische K\u00fcste. Mehr Informationen finden Sie auf\u00a0<\/span><a href=\"https:\/\/www.zaligaanzee.be\/padelstages-padellessen-damme-brugge-belgie\/\" target=\"_blank\" rel=\"noopener\">Padelferien in Damme Br\u00fcgge<\/a><span style=\"color: #8d7e5f;\">\u00a0oder\u00a0<\/span><a href=\"https:\/\/www.zaligaanzee.be\/padelvakanties-belgie-vlaanderen-blankenberge\/\" target=\"_blank\" rel=\"noopener\">Padel-Ferien in Blankenberge<\/a><span style=\"color: #8d7e5f;\">\u00a0an der belgischen K\u00fcste auf unserer Website <a href=\"https:\/\/www.zaligaanzee.be\" target=\"_blank\" rel=\"noopener\">ZaligAanZee.be<\/a><b>.<\/b>\u00a0<\/span><\/section>\t\t\t\t\t\t\t\t<\/div>\n\t\t\t\t<\/div>\n\t\t\t\t<\/div>\n\t\t<div class=\"elementor-element elementor-element-014235c e-con-full zalig-section e-flex e-con e-parent\" data-id=\"014235c\" data-element_type=\"container\" data-e-type=\"container\" data-settings=\"{&quot;background_background&quot;:&quot;classic&quot;,&quot;jet_parallax_layout_list&quot;:[]}\">\n\t\t\t\t<div class=\"elementor-element elementor-element-4159f02 elementor-widget elementor-widget-image\" data-id=\"4159f02\" data-element_type=\"widget\" data-e-type=\"widget\" data-widget_type=\"image.default\">\n\t\t\t\t<div class=\"elementor-widget-container\">\n\t\t\t\t\t\t\t\t\t\t\t\t\t\t\t<img fetchpriority=\"high\" decoding=\"async\" width=\"800\" height=\"450\" src=\"https:\/\/zaliginantwerpen.be\/wp-content\/uploads\/2023\/12\/Dia1-1024x576.jpg\" class=\"attachment-large size-large wp-image-9994\" alt=\"padel stadtrundfahrt antwerpen\" srcset=\"https:\/\/zaliginantwerpen.be\/wp-content\/uploads\/2023\/12\/Dia1-1024x576.jpg 1024w, https:\/\/zaliginantwerpen.be\/wp-content\/uploads\/2023\/12\/Dia1-300x169.jpg 300w, https:\/\/zaliginantwerpen.be\/wp-content\/uploads\/2023\/12\/Dia1-768x432.jpg 768w, https:\/\/zaliginantwerpen.be\/wp-content\/uploads\/2023\/12\/Dia1.jpg 1280w\" sizes=\"(max-width: 800px) 100vw, 800px\" \/>\t\t\t\t\t\t\t\t\t\t\t\t\t\t\t<\/div>\n\t\t\t\t<\/div>\n\t\t\t\t<\/div>\n\t\t\t\t<\/div>","protected":false},"excerpt":{"rendered":"<p>Citytrip Antwerpen met Padel Clinic Wil je op Citytrip naar Antwerpen ? Waarom niet combineren met een Padel Clinic ! ZaligInAntwerpen organiseert unieke citytrips met padel clinic terwijl je verblijft in het mooiste vakantiehuis van het centrum van Antwerpen Een unieke citytrip\u00a0naar het bruisende Antwerpen\u00a0 Waarbij je tijdens een intensieve\u00a0padel clinic beter leert\u00a0padel\u00a0spelen\u00a0 Geschikt voor [&hellip;]<\/p>\n","protected":false},"author":226237177,"featured_media":0,"parent":0,"menu_order":0,"comment_status":"closed","ping_status":"closed","template":"","meta":{"_monsterinsights_skip_tracking":false,"_monsterinsights_sitenote_active":false,"_monsterinsights_sitenote_note":"","_monsterinsights_sitenote_category":0,"footnotes":""},"class_list":["post-9976","page","type-page","status-publish","hentry"],"yoast_head":"<!-- This site is optimized with the Yoast SEO plugin v27.2 - https:\/\/yoast.com\/product\/yoast-seo-wordpress\/ -->\n<title>Unieke Citytrip Antwerpen met Padel Clinic | ZaligInAntwerpen.be<\/title>\n<meta name=\"description\" content=\"Wil je op citytrip naar Antwerpen? Waarom niet combineren met een padel clinic? Unieke Citytrip met verblijf in de mooiste vakantiewoning van centrum Antwerpen.\" \/>\n<meta name=\"robots\" content=\"index, follow, max-snippet:-1, max-image-preview:large, max-video-preview:-1\" \/>\n<link rel=\"canonical\" href=\"https:\/\/zaliginantwerpen.be\/de\/citytrip-antwerpen-padel-camp\/\" \/>\n<meta property=\"og:locale\" content=\"de_DE\" \/>\n<meta property=\"og:type\" content=\"article\" \/>\n<meta property=\"og:title\" content=\"Unieke Citytrip Antwerpen met Padel Clinic | ZaligInAntwerpen.be\" \/>\n<meta property=\"og:description\" content=\"Wil je op citytrip naar Antwerpen? Waarom niet combineren met een padel clinic? Unieke Citytrip met verblijf in de mooiste vakantiewoning van centrum Antwerpen.\" \/>\n<meta property=\"og:url\" content=\"https:\/\/zaliginantwerpen.be\/de\/citytrip-antwerpen-padel-camp\/\" \/>\n<meta property=\"og:site_name\" content=\"Zalig In Antwerpen\" \/>\n<meta property=\"article:modified_time\" content=\"2025-04-05T10:07:23+00:00\" \/>\n<meta property=\"og:image\" content=\"https:\/\/zaliginantwerpen.be\/wp-content\/uploads\/2023\/10\/padelinactie.jpg\" \/>\n\t<meta property=\"og:image:width\" content=\"1440\" \/>\n\t<meta property=\"og:image:height\" content=\"1731\" \/>\n\t<meta property=\"og:image:type\" content=\"image\/jpeg\" \/>\n<meta name=\"twitter:card\" content=\"summary_large_image\" \/>\n<meta name=\"twitter:title\" content=\"Unieke Citytrip Antwerpen met Padel Clinic | ZaligInAntwerpen.be\" \/>\n<meta name=\"twitter:description\" content=\"Wil je op citytrip naar Antwerpen? Waarom niet combineren met een padel clinic? Unieke Citytrip met verblijf in de mooiste vakantiewoning van centrum Antwerpen.\" \/>\n<meta name=\"twitter:image\" content=\"https:\/\/zaliginantwerpen.be\/wp-content\/uploads\/2023\/10\/padelinactie.jpg\" \/>\n<meta name=\"twitter:label1\" content=\"Gesch\u00e4tzte Lesezeit\" \/>\n\t<meta name=\"twitter:data1\" content=\"4\u00a0Minuten\" \/>\n<script type=\"application\/ld+json\" class=\"yoast-schema-graph\">{\"@context\":\"https:\/\/schema.org\",\"@graph\":[{\"@type\":\"WebPage\",\"@id\":\"https:\/\/zaliginantwerpen.be\/citytrip-antwerpen-padel-clinic\/\",\"url\":\"https:\/\/zaliginantwerpen.be\/citytrip-antwerpen-padel-clinic\/\",\"name\":\"Unieke Citytrip Antwerpen met Padel Clinic | ZaligInAntwerpen.be\",\"isPartOf\":{\"@id\":\"https:\/\/zaliginantwerpen.be\/#website\"},\"primaryImageOfPage\":{\"@id\":\"https:\/\/zaliginantwerpen.be\/citytrip-antwerpen-padel-clinic\/#primaryimage\"},\"image\":{\"@id\":\"https:\/\/zaliginantwerpen.be\/citytrip-antwerpen-padel-clinic\/#primaryimage\"},\"thumbnailUrl\":\"https:\/\/zaliginantwerpen.be\/wp-content\/uploads\/2022\/11\/HELLO-PADEL-ACADEMY-ronny-van-langendonck-en-Pablo-Franco-Duran.jpg\",\"datePublished\":\"2023-12-06T08:45:38+00:00\",\"dateModified\":\"2025-04-05T10:07:23+00:00\",\"description\":\"Wil je op citytrip naar Antwerpen? Waarom niet combineren met een padel clinic? Unieke Citytrip met verblijf in de mooiste vakantiewoning van centrum Antwerpen.\",\"breadcrumb\":{\"@id\":\"https:\/\/zaliginantwerpen.be\/citytrip-antwerpen-padel-clinic\/#breadcrumb\"},\"inLanguage\":\"de\",\"potentialAction\":[{\"@type\":\"ReadAction\",\"target\":[\"https:\/\/zaliginantwerpen.be\/citytrip-antwerpen-padel-clinic\/\"]}]},{\"@type\":\"ImageObject\",\"inLanguage\":\"de\",\"@id\":\"https:\/\/zaliginantwerpen.be\/citytrip-antwerpen-padel-clinic\/#primaryimage\",\"url\":\"https:\/\/zaliginantwerpen.be\/wp-content\/uploads\/2022\/11\/HELLO-PADEL-ACADEMY-ronny-van-langendonck-en-Pablo-Franco-Duran.jpg\",\"contentUrl\":\"https:\/\/zaliginantwerpen.be\/wp-content\/uploads\/2022\/11\/HELLO-PADEL-ACADEMY-ronny-van-langendonck-en-Pablo-Franco-Duran.jpg\"},{\"@type\":\"BreadcrumbList\",\"@id\":\"https:\/\/zaliginantwerpen.be\/citytrip-antwerpen-padel-clinic\/#breadcrumb\",\"itemListElement\":[{\"@type\":\"ListItem\",\"position\":1,\"name\":\"Home\",\"item\":\"https:\/\/zaliginantwerpen.be\/\"},{\"@type\":\"ListItem\",\"position\":2,\"name\":\"Citytrip Antwerpen met Padel Clinic\"}]},{\"@type\":\"WebSite\",\"@id\":\"https:\/\/zaliginantwerpen.be\/#website\",\"url\":\"https:\/\/zaliginantwerpen.be\/\",\"name\":\"Zalig In Antwerpen\",\"description\":\"Boutique Holiday Homes in the centre of Antwerp\",\"potentialAction\":[{\"@type\":\"SearchAction\",\"target\":{\"@type\":\"EntryPoint\",\"urlTemplate\":\"https:\/\/zaliginantwerpen.be\/?s={search_term_string}\"},\"query-input\":{\"@type\":\"PropertyValueSpecification\",\"valueRequired\":true,\"valueName\":\"search_term_string\"}}],\"inLanguage\":\"de\"}]}<\/script>\n<!-- \/ Yoast SEO plugin. -->","yoast_head_json":{"title":"Einzigartige St\u00e4dtereise Antwerpen mit Padel-Klinik | ZaligInAntwerpen.be","description":"Lust auf einen Citytrip nach Antwerpen? Warum nicht mit einem Padel Camp kombinieren? Einzigartiger Citytrp mit Aufenthalt im sch\u00f6nsten Ferienhaus im Zentrum von Antwerpen.","robots":{"index":"index","follow":"follow","max-snippet":"max-snippet:-1","max-image-preview":"max-image-preview:large","max-video-preview":"max-video-preview:-1"},"canonical":"https:\/\/zaliginantwerpen.be\/de\/citytrip-antwerpen-padel-camp\/","og_locale":"de_DE","og_type":"article","og_title":"Unieke Citytrip Antwerpen met Padel Clinic | ZaligInAntwerpen.be","og_description":"Wil je op citytrip naar Antwerpen? Waarom niet combineren met een padel clinic? Unieke Citytrip met verblijf in de mooiste vakantiewoning van centrum Antwerpen.","og_url":"https:\/\/zaliginantwerpen.be\/de\/citytrip-antwerpen-padel-camp\/","og_site_name":"Zalig In Antwerpen","article_modified_time":"2025-04-05T10:07:23+00:00","og_image":[{"width":1440,"height":1731,"url":"https:\/\/zaliginantwerpen.be\/wp-content\/uploads\/2023\/10\/padelinactie.jpg","type":"image\/jpeg"}],"twitter_card":"summary_large_image","twitter_title":"Unieke Citytrip Antwerpen met Padel Clinic | ZaligInAntwerpen.be","twitter_description":"Wil je op citytrip naar Antwerpen? Waarom niet combineren met een padel clinic? Unieke Citytrip met verblijf in de mooiste vakantiewoning van centrum Antwerpen.","twitter_image":"https:\/\/zaliginantwerpen.be\/wp-content\/uploads\/2023\/10\/padelinactie.jpg","twitter_misc":{"Gesch\u00e4tzte Lesezeit":"4\u00a0Minuten"},"schema":{"@context":"https:\/\/schema.org","@graph":[{"@type":"WebPage","@id":"https:\/\/zaliginantwerpen.be\/citytrip-antwerpen-padel-clinic\/","url":"https:\/\/zaliginantwerpen.be\/citytrip-antwerpen-padel-clinic\/","name":"Einzigartige St\u00e4dtereise Antwerpen mit Padel-Klinik | ZaligInAntwerpen.be","isPartOf":{"@id":"https:\/\/zaliginantwerpen.be\/#website"},"primaryImageOfPage":{"@id":"https:\/\/zaliginantwerpen.be\/citytrip-antwerpen-padel-clinic\/#primaryimage"},"image":{"@id":"https:\/\/zaliginantwerpen.be\/citytrip-antwerpen-padel-clinic\/#primaryimage"},"thumbnailUrl":"https:\/\/zaliginantwerpen.be\/wp-content\/uploads\/2022\/11\/HELLO-PADEL-ACADEMY-ronny-van-langendonck-en-Pablo-Franco-Duran.jpg","datePublished":"2023-12-06T08:45:38+00:00","dateModified":"2025-04-05T10:07:23+00:00","description":"Lust auf einen Citytrip nach Antwerpen? Warum nicht mit einem Padel Camp kombinieren? Einzigartiger Citytrp mit Aufenthalt im sch\u00f6nsten Ferienhaus im Zentrum von Antwerpen.","breadcrumb":{"@id":"https:\/\/zaliginantwerpen.be\/citytrip-antwerpen-padel-clinic\/#breadcrumb"},"inLanguage":"de","potentialAction":[{"@type":"ReadAction","target":["https:\/\/zaliginantwerpen.be\/citytrip-antwerpen-padel-clinic\/"]}]},{"@type":"ImageObject","inLanguage":"de","@id":"https:\/\/zaliginantwerpen.be\/citytrip-antwerpen-padel-clinic\/#primaryimage","url":"https:\/\/zaliginantwerpen.be\/wp-content\/uploads\/2022\/11\/HELLO-PADEL-ACADEMY-ronny-van-langendonck-en-Pablo-Franco-Duran.jpg","contentUrl":"https:\/\/zaliginantwerpen.be\/wp-content\/uploads\/2022\/11\/HELLO-PADEL-ACADEMY-ronny-van-langendonck-en-Pablo-Franco-Duran.jpg"},{"@type":"BreadcrumbList","@id":"https:\/\/zaliginantwerpen.be\/citytrip-antwerpen-padel-clinic\/#breadcrumb","itemListElement":[{"@type":"ListItem","position":1,"name":"Home","item":"https:\/\/zaliginantwerpen.be\/"},{"@type":"ListItem","position":2,"name":"Citytrip Antwerpen met Padel Clinic"}]},{"@type":"WebSite","@id":"https:\/\/zaliginantwerpen.be\/#website","url":"https:\/\/zaliginantwerpen.be\/","name":"Zalig In Antwerpen","description":"Boutique-Ferienwohnungen im Zentrum von Antwerpen","potentialAction":[{"@type":"SearchAction","target":{"@type":"EntryPoint","urlTemplate":"https:\/\/zaliginantwerpen.be\/?s={search_term_string}"},"query-input":{"@type":"PropertyValueSpecification","valueRequired":true,"valueName":"search_term_string"}}],"inLanguage":"de"}]}},"_links":{"self":[{"href":"https:\/\/zaliginantwerpen.be\/de\/wp-json\/wp\/v2\/pages\/9976","targetHints":{"allow":["GET"]}}],"collection":[{"href":"https:\/\/zaliginantwerpen.be\/de\/wp-json\/wp\/v2\/pages"}],"about":[{"href":"https:\/\/zaliginantwerpen.be\/de\/wp-json\/wp\/v2\/types\/page"}],"author":[{"embeddable":true,"href":"https:\/\/zaliginantwerpen.be\/de\/wp-json\/wp\/v2\/users\/226237177"}],"replies":[{"embeddable":true,"href":"https:\/\/zaliginantwerpen.be\/de\/wp-json\/wp\/v2\/comments?post=9976"}],"version-history":[{"count":31,"href":"https:\/\/zaliginantwerpen.be\/de\/wp-json\/wp\/v2\/pages\/9976\/revisions"}],"predecessor-version":[{"id":16720,"href":"https:\/\/zaliginantwerpen.be\/de\/wp-json\/wp\/v2\/pages\/9976\/revisions\/16720"}],"wp:attachment":[{"href":"https:\/\/zaliginantwerpen.be\/de\/wp-json\/wp\/v2\/media?parent=9976"}],"curies":[{"name":"wp","href":"https:\/\/api.w.org\/{rel}","templated":true}]}}