{"id":3628,"date":"2023-01-17T14:09:28","date_gmt":"2023-01-17T13:09:28","guid":{"rendered":"https:\/\/zaliginantwerpen.be\/?page_id=3628"},"modified":"2025-04-02T14:36:29","modified_gmt":"2025-04-02T12:36:29","slug":"datenschutzbestimmungen","status":"publish","type":"page","link":"https:\/\/zaliginantwerpen.be\/de\/privacy\/","title":{"rendered":"Datenschutzbestimmungen"},"content":{"rendered":"<div data-elementor-type=\"wp-page\" data-elementor-id=\"3628\" class=\"elementor elementor-3628\" data-elementor-post-type=\"page\">\n\t\t\t\t<div class=\"elementor-element elementor-element-e07a03b e-con-full zalig-section e-flex e-con e-parent\" data-id=\"e07a03b\" data-element_type=\"container\" data-e-type=\"container\" data-settings=\"{&quot;background_background&quot;:&quot;classic&quot;,&quot;jet_parallax_layout_list&quot;:[]}\">\n\t\t\t\t<div class=\"elementor-element elementor-element-85e8564 elementor-widget elementor-widget-heading\" data-id=\"85e8564\" data-element_type=\"widget\" data-e-type=\"widget\" data-widget_type=\"heading.default\">\n\t\t\t\t<div class=\"elementor-widget-container\">\n\t\t\t\t\t<h1 class=\"elementor-heading-title elementor-size-default\">Datenschutz und Cookie-Richtlinie<\/h1>\t\t\t\t<\/div>\n\t\t\t\t<\/div>\n\t\t\t\t<div class=\"elementor-element elementor-element-97cfb12 elementor-widget elementor-widget-text-editor\" data-id=\"97cfb12\" data-element_type=\"widget\" data-e-type=\"widget\" data-widget_type=\"text-editor.default\">\n\t\t\t\t<div class=\"elementor-widget-container\">\n\t\t\t\t\t\t\t\t\t<h2>Allgemeine Informationen<\/h2><p><span style=\"color: #000000; font-size: 10pt;\">Wenn Sie die Website besuchen, erfassen wir automatisch bestimmte Informationen \u00fcber Ihr Ger\u00e4t, einschlie\u00dflich Informationen \u00fcber Ihren Webbrowser, Ihre IP-Adresse, Ihre Zeitzone und einige der auf Ihrem Ger\u00e4t installierten Cookies. Wenn Sie die Website besuchen, erfassen wir au\u00dferdem Informationen \u00fcber die einzelnen Webseiten oder Produkte, die Sie sich ansehen, welche Websites oder Suchbegriffe Sie auf die Website verwiesen haben, sowie Informationen \u00fcber Ihre Interaktion mit der Website. Wir bezeichnen diese automatisch erfassten Informationen als \"Ger\u00e4tedaten\".<\/span><\/p><h3>Von ZaligBV gesammelte pers\u00f6nliche Informationen:<\/h3><p><span style=\"color: #000000; font-size: 10pt;\">Wir v<em>Er sammelt Ger\u00e4tedaten mit Hilfe der folgenden Technologien:<\/em><\/span><\/p><ul role=\"list\"><li><span style=\"color: #000000; font-size: 10pt;\">Cookies\" sind Datendateien, die auf Ihrem Ger\u00e4t oder Computer abgelegt werden und oft eine anonyme eindeutige Kennung enthalten. Weitere Informationen \u00fcber Cookies und wie Sie sie deaktivieren k\u00f6nnen, finden Sie unter\u00a0<a style=\"color: #000000;\" href=\"https:\/\/www.allaboutcookies.org\/\" target=\"_blank\" rel=\"noopener\">https:\/\/www.allaboutcookies.org\/<\/a><\/span><\/li><li><span style=\"color: #000000; font-size: 10pt;\">Logdateien\" verfolgen die Aktionen, die auf der Website stattfinden, und sammeln Daten wie Ihre IP-Adresse, den Browsertyp, den Internetdienstanbieter, die Verweis- und Ausgangsseiten sowie Datums- und Zeitstempel.<\/span><\/li><li><span style=\"color: #000000; font-size: 10pt;\">\"Web Beacons\", \"Tags\" und \"Pixel\" sind elektronische Dateien, die dazu dienen, Informationen dar\u00fcber zu speichern, wie Sie die Website besuchen.<\/span><\/li><li><span style=\"color: #000000; font-size: 10pt;\">Dar\u00fcber hinaus verwenden wir google analytics, das Ihr Surfverhalten \u00fcberwacht, speichert und analysiert.<\/span><\/li><li><span style=\"color: #000000; font-size: 10pt;\">Wenn Sie einen Kauf \u00fcber die Website t\u00e4tigen oder versuchen, einen Kauf zu t\u00e4tigen, erfassen wir au\u00dferdem bestimmte Informationen von Ihnen, darunter Ihren Namen, Ihre Rechnungsadresse, Ihre Lieferadresse, Ihre Zahlungsinformationen (einschlie\u00dflich Kreditkartennummern und Bankdaten, die eine reibungslose Zahlung erm\u00f6glichen), Ihre E-Mail-Adresse und Ihre Telefonnummer.  Wir bezeichnen diese Informationen als \"Bestellinformationen\".<\/span><\/li><\/ul><ul role=\"list\"><li><span style=\"color: #000000; font-size: 10pt;\">Wenn Sie Ihre Zustimmung geben, werden wir Ihre E-Mail-Adresse nach der Auslieferung der Bestellung erfassen, um Ihnen Marketingkampagnen zukommen zu lassen.<\/span><\/li><li><span style=\"color: #000000; font-size: 10pt;\">Wenn wir in dieser Datenschutzrichtlinie von \"pers\u00f6nlichen Daten\" sprechen, meinen wir sowohl Ger\u00e4tedaten als auch Bestelldaten.<\/span><\/li><\/ul><h3>\u200dWie verwenden wir Ihre personenbezogenen Daten?<\/h3><p><span style=\"color: #000000; font-size: 10pt;\"><em>Im Allgemeinen verwenden wir die von uns erfassten Bestellinformationen, um die \u00fcber die Website aufgegebenen Bestellungen auszuf\u00fchren (einschlie\u00dflich der Verarbeitung Ihrer Zahlungsinformationen, der Organisation des Versands und der Zusendung von Rechnungen und\/oder Auftragsbest\u00e4tigungen).<\/em><\/span><\/p><ul role=\"list\"><li><span style=\"color: #000000; font-size: 10pt;\">mit Ihnen kommunizieren;<\/span><\/li><li><span style=\"color: #000000; font-size: 10pt;\">unsere Auftr\u00e4ge auf m\u00f6gliche Risiken oder Betrug zu \u00fcberpr\u00fcfen;<\/span><\/li><li><span style=\"color: #000000; font-size: 10pt;\">Ihnen Informationen oder Werbung zu unseren Produkten oder Dienstleistungen zukommen zu lassen (wenn dies mit den von Ihnen mitgeteilten Pr\u00e4ferenzen \u00fcbereinstimmt);<\/span><\/li><li><span style=\"color: #000000; font-size: 10pt;\">dem externen Zustelldienst eine korrekte Adresse mitteilen, an die Ihr Paket zugestellt werden soll;<\/span><\/li><li><span style=\"color: #000000; font-size: 10pt;\">Sie \u00fcber Ihre Bestellung zu informieren<\/span><\/li><\/ul><p><span style=\"color: #000000; font-size: 14pt;\"><em><sub>Wir verwenden die gesammelten Ger\u00e4tedaten, um uns dabei zu helfen, potenzielle Risiken und Betrug zu erkennen (insbesondere Ihre IP-Adresse), und ganz allgemein, um unsere Website zu verbessern und zu optimieren (z. B. durch die Erstellung von Analysen dar\u00fcber, wie unsere Kunden auf der Website surfen und mit ihr interagieren, und um den Erfolg unserer Marketing- und Werbekampagnen zu bewerten).<\/sub><\/em><\/span><\/p><h3>Weitergabe von pers\u00f6nlichen Informationen<\/h3><p><span style=\"color: #000000; font-size: 10pt;\">Wir geben Ihre pers\u00f6nlichen Daten an Dritte weiter, die uns dabei helfen, Ihre pers\u00f6nlichen Daten zu verwenden, wie oben beschrieben.  Zum Beispiel verwenden wir WordPress, um unsere Online-Website zu betreiben - Sie k\u00f6nnen hier mehr dar\u00fcber lesen, wie WordPress Ihre pers\u00f6nlichen Daten verwendet: <span style=\"color: #333333;\"><a style=\"color: #333333;\" href=\"https:\/\/automattic.com\/privacy\/\">https:\/\/automattic.com\/privacy\/<\/a>.<\/span> \u00a0Wir verwenden auch Google Analytics, um zu verstehen, wie unsere Kunden die Website nutzen - Sie k\u00f6nnen hier mehr dar\u00fcber lesen, wie Google Ihre pers\u00f6nlichen Daten verwendet:\u00a0<a style=\"color: #000000;\" href=\"https:\/\/www.google.com\/intl\/en\/policies\/privacy\/\" target=\"_blank\" rel=\"noopener\">https:\/\/www.google.com\/intl\/en\/policies\/privacy\/<\/a>.  Sie k\u00f6nnen Google Analytics auch hier deaktivieren:\u00a0<a style=\"color: #000000;\" href=\"https:\/\/tools.google.com\/dlpage\/gaoptout.\" target=\"_blank\" rel=\"noopener\">https:\/\/tools.google.com\/dlpage\/gaoptout.<\/a><\/span><\/p><p><span style=\"color: #000000; font-size: 10pt;\">Schlie\u00dflich k\u00f6nnen wir Ihre pers\u00f6nlichen Daten auch weitergeben, um geltende Gesetze und Vorschriften einzuhalten, um auf eine Vorladung, einen Durchsuchungsbefehl oder eine andere rechtm\u00e4\u00dfige Anfrage nach Informationen zu reagieren, die wir erhalten, oder um unsere Rechte anderweitig zu sch\u00fctzen.<\/span><\/p><p><span style=\"color: #000000; font-size: 10pt;\">Wie oben beschrieben, verwenden wir Ihre pers\u00f6nlichen Daten, um Ihnen gezielte Werbung oder Marketingmitteilungen zukommen zu lassen, von denen wir glauben, dass sie f\u00fcr Sie von Interesse sein k\u00f6nnten.  Weitere Informationen dar\u00fcber, wie gezielte Werbung funktioniert, finden Sie auf der Bildungsseite der Network Advertising Initiative (\"NAI\") unter\u00a0<a style=\"color: #000000;\" href=\"http:\/\/www.networkadvertising.org\/understanding-online-advertising\/how-does-it-work\" target=\"_blank\" rel=\"noopener\">http:\/\/www.networkadvertising.org\/understanding-online-advertising\/how-does-it-work<\/a>.<\/span><span style=\"color: #000000; font-size: 10pt;\">\u200d<\/span><\/p><h3>OPT-OUT-LINKS, um die genutzten Dienste einzubeziehen. Zu den h\u00e4ufig verwendeten Links geh\u00f6ren:<\/h3><ul role=\"list\"><li><span style=\"color: #000000; font-size: 10pt;\">FACEBOOK - https:\/\/www.facebook.com\/settings\/?tab=ads<\/span><\/li><li><span style=\"color: #000000; font-size: 10pt;\">GOOGLE - https:\/\/www.google.com\/settings\/ads\/anonymous<\/span><\/li><li><span style=\"color: #000000; font-size: 10pt;\">BING - https:\/\/advertise.bingads.microsoft.com\/en-us\/resources\/policies\/personalized-ads<\/span><\/li><\/ul><p><span style=\"color: #000000; font-size: 10pt;\">Dar\u00fcber hinaus k\u00f6nnen Sie sich von einigen dieser Dienste abmelden, indem Sie das Abmeldeportal der Digital Advertising Alliance besuchen: http:\/\/optout.aboutads.info\/.<\/span><\/p><h3>NOT TRACKS<\/h3><p><span style=\"color: #000000; font-size: 10pt;\">Bitte beachten Sie, dass wir die Datenerfassungs- und Nutzungspraktiken unserer Website nicht \u00e4ndern, wenn wir ein \"Do Not Track\"-Signal von Ihrem Browser sehen. Wenn Sie Ihren Wohnsitz in Europa haben, haben Sie das Recht, auf die von uns gespeicherten personenbezogenen Daten zuzugreifen und zu verlangen, dass Ihre personenbezogenen Daten korrigiert, aktualisiert oder gel\u00f6scht werden. Wenn Sie von diesem Recht Gebrauch machen m\u00f6chten, wenden Sie sich bitte an uns unter den unten angegebenen Kontaktinformationen.<\/span><\/p><p><span style=\"color: #000000; font-size: 10pt;\">Wenn Sie in Europa ans\u00e4ssig sind, weisen wir au\u00dferdem darauf hin, dass wir Ihre Daten zur Erf\u00fcllung von Vertr\u00e4gen mit Ihnen (z. B. wenn Sie eine Bestellung \u00fcber die Website aufgeben) oder zur Verfolgung unserer oben genannten legitimen Gesch\u00e4ftsinteressen verarbeiten.  Bitte beachten Sie au\u00dferdem, dass Ihre Daten au\u00dferhalb Europas, einschlie\u00dflich Kanada und den Vereinigten Staaten, \u00fcbermittelt werden.<\/span><\/p><p><span style=\"color: #000000; font-size: 10pt;\">Alle Einwohner Belgiens k\u00f6nnen sich jederzeit \u00fcber\u00a0<a style=\"color: #000000;\" href=\"https:\/\/www.gegevensbeschermingsautoriteit.be\/burger\">https:\/\/www.gegevensbeschermingsautoriteit.be\/burger<\/a> oder bei uns unter <a href=\"https:\/\/zaliginantwerpen.be\/de\/kontakt\/\">Kontakt<\/a>.<\/span><\/p><h3>DATENSPEICHERUNG<\/h3><p><span style=\"color: #000000; font-size: 10pt;\">Wenn Sie eine Bestellung \u00fcber die Website aufgeben, werden wir Ihre Bestelldaten f\u00fcr unsere Unterlagen aufbewahren, bis Sie uns auffordern, diese Daten zu l\u00f6schen.<\/span><\/p><h3>MINORIT\u00c4TEN<\/h3><p><span style=\"color: #000000; font-size: 10pt;\">Die Website ist nicht f\u00fcr Personen unter 18 Jahren bestimmt.<\/span><\/p><h3>\u00c4NDERUNGEN<\/h3><p><span style=\"color: #000000; font-size: 10pt;\">Wir behalten uns vor, diese Datenschutzerkl\u00e4rung von Zeit zu Zeit zu aktualisieren, z. B. um \u00c4nderungen unserer Praktiken zu ber\u00fccksichtigen oder aus anderen betrieblichen, rechtlichen oder regulatorischen Gr\u00fcnden.<\/span><\/p><h3>Kontakt<\/h3><p><span style=\"color: #000000; font-size: 10pt;\">Wenn Sie weitere Informationen \u00fcber unsere Datenschutzpraktiken w\u00fcnschen, Fragen haben oder eine Beschwerde einreichen m\u00f6chten, wenden Sie sich bitte an unsere <a href=\"https:\/\/zaliginantwerpen.be\/de\/kontakt\/\">Kontaktseite.<\/a><\/span><\/p><p>Schutz des geistigen Eigentums\u00a0<\/p><p><span style=\"font-size: 10pt;\">Diese Website ist Eigentum von Zalig BV (\"ZaligAanZee\") Dennenlei 7, 2900 Schoten Belgien<\/span><\/p><p><span style=\"font-size: 10pt;\">Diese Website und ihr Inhalt sind das geistige Eigentum von ZaligAanZee. F\u00fcr die Vervielf\u00e4ltigung und\/oder Verbreitung, unabh\u00e4ngig vom Medium, ob zu kommerziellen Zwecken oder nicht, ist die vorherige schriftliche Zustimmung von ZaligAanZee erforderlich. Die Verwendung von Markennamen und Logos von ZaligAanZee ist ohne vorherige schriftliche Zustimmung nicht gestattet.<\/span><\/p><p><span style=\"color: #000000; font-size: 10pt;\">\u200d<\/span><\/p>\t\t\t\t\t\t\t\t<\/div>\n\t\t\t\t<\/div>\n\t\t\t\t<\/div>\n\t\t\t\t<\/div>","protected":false},"excerpt":{"rendered":"<p>Privacy en Cookie policy Algemeen informatie Wanneer u de Site bezoekt, verzamelen wij automatisch bepaalde informatie over uw apparaat, waaronder informatie over uw webbrowser, IP-adres, tijdzone, en sommige van de cookies die op uw apparaat zijn ge\u00efnstalleerd. Wanneer u de Site bezoekt, verzamelen wij bovendien informatie over de afzonderlijke webpagina&#8217;s of producten die u bekijkt, [&hellip;]<\/p>\n","protected":false},"author":226237177,"featured_media":0,"parent":0,"menu_order":0,"comment_status":"closed","ping_status":"closed","template":"","meta":{"_monsterinsights_skip_tracking":false,"_monsterinsights_sitenote_active":false,"_monsterinsights_sitenote_note":"","_monsterinsights_sitenote_category":0,"footnotes":""},"class_list":["post-3628","page","type-page","status-publish","hentry"],"yoast_head":"<!-- This site is optimized with the Yoast SEO plugin v27.2 - https:\/\/yoast.com\/product\/yoast-seo-wordpress\/ -->\n<title>Privacy Policy - Zalig In Antwerpen<\/title>\n<meta name=\"robots\" content=\"index, follow, max-snippet:-1, max-image-preview:large, max-video-preview:-1\" \/>\n<link rel=\"canonical\" href=\"https:\/\/zaliginantwerpen.be\/de\/datenschutzbestimmungen\/\" \/>\n<meta property=\"og:locale\" content=\"de_DE\" \/>\n<meta property=\"og:type\" content=\"article\" \/>\n<meta property=\"og:title\" content=\"Privacy Policy - Zalig In Antwerpen\" \/>\n<meta property=\"og:description\" content=\"Privacy en Cookie policy Algemeen informatie Wanneer u de Site bezoekt, verzamelen wij automatisch bepaalde informatie over uw apparaat, waaronder informatie over uw webbrowser, IP-adres, tijdzone, en sommige van de cookies die op uw apparaat zijn ge\u00efnstalleerd. Wanneer u de Site bezoekt, verzamelen wij bovendien informatie over de afzonderlijke webpagina&#8217;s of producten die u bekijkt, [&hellip;]\" \/>\n<meta property=\"og:url\" content=\"https:\/\/zaliginantwerpen.be\/de\/datenschutzbestimmungen\/\" \/>\n<meta property=\"og:site_name\" content=\"Zalig In Antwerpen\" \/>\n<meta property=\"article:modified_time\" content=\"2025-04-02T12:36:29+00:00\" \/>\n<meta name=\"twitter:card\" content=\"summary_large_image\" \/>\n<meta name=\"twitter:label1\" content=\"Gesch\u00e4tzte Lesezeit\" \/>\n\t<meta name=\"twitter:data1\" content=\"5\u00a0Minuten\" \/>\n<script type=\"application\/ld+json\" class=\"yoast-schema-graph\">{\"@context\":\"https:\/\/schema.org\",\"@graph\":[{\"@type\":\"WebPage\",\"@id\":\"https:\/\/zaliginantwerpen.be\/privacy\/\",\"url\":\"https:\/\/zaliginantwerpen.be\/privacy\/\",\"name\":\"Privacy Policy - Zalig In Antwerpen\",\"isPartOf\":{\"@id\":\"https:\/\/zaliginantwerpen.be\/#website\"},\"datePublished\":\"2023-01-17T13:09:28+00:00\",\"dateModified\":\"2025-04-02T12:36:29+00:00\",\"breadcrumb\":{\"@id\":\"https:\/\/zaliginantwerpen.be\/privacy\/#breadcrumb\"},\"inLanguage\":\"de\",\"potentialAction\":[{\"@type\":\"ReadAction\",\"target\":[\"https:\/\/zaliginantwerpen.be\/privacy\/\"]}]},{\"@type\":\"BreadcrumbList\",\"@id\":\"https:\/\/zaliginantwerpen.be\/privacy\/#breadcrumb\",\"itemListElement\":[{\"@type\":\"ListItem\",\"position\":1,\"name\":\"Home\",\"item\":\"https:\/\/zaliginantwerpen.be\/\"},{\"@type\":\"ListItem\",\"position\":2,\"name\":\"Privacy Policy\"}]},{\"@type\":\"WebSite\",\"@id\":\"https:\/\/zaliginantwerpen.be\/#website\",\"url\":\"https:\/\/zaliginantwerpen.be\/\",\"name\":\"Zalig In Antwerpen\",\"description\":\"Boutique Holiday Homes in the centre of Antwerp\",\"potentialAction\":[{\"@type\":\"SearchAction\",\"target\":{\"@type\":\"EntryPoint\",\"urlTemplate\":\"https:\/\/zaliginantwerpen.be\/?s={search_term_string}\"},\"query-input\":{\"@type\":\"PropertyValueSpecification\",\"valueRequired\":true,\"valueName\":\"search_term_string\"}}],\"inLanguage\":\"de\"}]}<\/script>\n<!-- \/ Yoast SEO plugin. -->","yoast_head_json":{"title":"Datenschutzerkl\u00e4rung - Blessed In Antwerp","robots":{"index":"index","follow":"follow","max-snippet":"max-snippet:-1","max-image-preview":"max-image-preview:large","max-video-preview":"max-video-preview:-1"},"canonical":"https:\/\/zaliginantwerpen.be\/de\/datenschutzbestimmungen\/","og_locale":"de_DE","og_type":"article","og_title":"Privacy Policy - Zalig In Antwerpen","og_description":"Privacy en Cookie policy Algemeen informatie Wanneer u de Site bezoekt, verzamelen wij automatisch bepaalde informatie over uw apparaat, waaronder informatie over uw webbrowser, IP-adres, tijdzone, en sommige van de cookies die op uw apparaat zijn ge\u00efnstalleerd. Wanneer u de Site bezoekt, verzamelen wij bovendien informatie over de afzonderlijke webpagina&#8217;s of producten die u bekijkt, [&hellip;]","og_url":"https:\/\/zaliginantwerpen.be\/de\/datenschutzbestimmungen\/","og_site_name":"Zalig In Antwerpen","article_modified_time":"2025-04-02T12:36:29+00:00","twitter_card":"summary_large_image","twitter_misc":{"Gesch\u00e4tzte Lesezeit":"5\u00a0Minuten"},"schema":{"@context":"https:\/\/schema.org","@graph":[{"@type":"WebPage","@id":"https:\/\/zaliginantwerpen.be\/privacy\/","url":"https:\/\/zaliginantwerpen.be\/privacy\/","name":"Datenschutzerkl\u00e4rung - Blessed In Antwerp","isPartOf":{"@id":"https:\/\/zaliginantwerpen.be\/#website"},"datePublished":"2023-01-17T13:09:28+00:00","dateModified":"2025-04-02T12:36:29+00:00","breadcrumb":{"@id":"https:\/\/zaliginantwerpen.be\/privacy\/#breadcrumb"},"inLanguage":"de","potentialAction":[{"@type":"ReadAction","target":["https:\/\/zaliginantwerpen.be\/privacy\/"]}]},{"@type":"BreadcrumbList","@id":"https:\/\/zaliginantwerpen.be\/privacy\/#breadcrumb","itemListElement":[{"@type":"ListItem","position":1,"name":"Home","item":"https:\/\/zaliginantwerpen.be\/"},{"@type":"ListItem","position":2,"name":"Privacy Policy"}]},{"@type":"WebSite","@id":"https:\/\/zaliginantwerpen.be\/#website","url":"https:\/\/zaliginantwerpen.be\/","name":"Zalig In Antwerpen","description":"Boutique-Ferienwohnungen im Zentrum von Antwerpen","potentialAction":[{"@type":"SearchAction","target":{"@type":"EntryPoint","urlTemplate":"https:\/\/zaliginantwerpen.be\/?s={search_term_string}"},"query-input":{"@type":"PropertyValueSpecification","valueRequired":true,"valueName":"search_term_string"}}],"inLanguage":"de"}]}},"_links":{"self":[{"href":"https:\/\/zaliginantwerpen.be\/de\/wp-json\/wp\/v2\/pages\/3628","targetHints":{"allow":["GET"]}}],"collection":[{"href":"https:\/\/zaliginantwerpen.be\/de\/wp-json\/wp\/v2\/pages"}],"about":[{"href":"https:\/\/zaliginantwerpen.be\/de\/wp-json\/wp\/v2\/types\/page"}],"author":[{"embeddable":true,"href":"https:\/\/zaliginantwerpen.be\/de\/wp-json\/wp\/v2\/users\/226237177"}],"replies":[{"embeddable":true,"href":"https:\/\/zaliginantwerpen.be\/de\/wp-json\/wp\/v2\/comments?post=3628"}],"version-history":[{"count":12,"href":"https:\/\/zaliginantwerpen.be\/de\/wp-json\/wp\/v2\/pages\/3628\/revisions"}],"predecessor-version":[{"id":16602,"href":"https:\/\/zaliginantwerpen.be\/de\/wp-json\/wp\/v2\/pages\/3628\/revisions\/16602"}],"wp:attachment":[{"href":"https:\/\/zaliginantwerpen.be\/de\/wp-json\/wp\/v2\/media?parent=3628"}],"curies":[{"name":"wp","href":"https:\/\/api.w.org\/{rel}","templated":true}]}}